{"id":1031,"date":"2025-06-05T17:12:14","date_gmt":"2025-06-05T17:12:14","guid":{"rendered":"https:\/\/ecoplank.com.pl\/?post_type=product&#038;p=1031"},"modified":"2025-10-31T16:20:48","modified_gmt":"2025-10-31T16:20:48","slug":"skyddsmattor","status":"publish","type":"product","link":"https:\/\/ecoplank.com.pl\/sv\/shop\/ground-mats\/protective-mats\/","title":{"rendered":"Skyddande mattor"},"content":{"rendered":"<p>V\u00e5ra skyddsmattor ger slitstarka, halkfria ytor i h\u00f6gtrafikerade zoner som paddockar, stall och industriomr\u00e5den. De \u00e4r l\u00e4tta att reng\u00f6ra, motst\u00e5ndskraftiga mot fukt och slitage och ger utm\u00e4rkt st\u00f6d och s\u00e4kerhet f\u00f6r djur och utrustning.<\/p>\n<p>&nbsp;<\/p>\n<p>Ladda ner filer:<\/p>\n<p><a href=\"https:\/\/ecoplank.com.pl\/wp-content\/uploads\/2025\/07\/Mata-Easy-Mat-POL.pdf\">S\u00e4kerhetsdatablad PL<\/a><\/p>\n<p><a href=\"https:\/\/ecoplank.com.pl\/wp-content\/uploads\/2025\/07\/Mata-Easy-Mat-POL.pdf\">S\u00e4kerhetsdatablad SV<\/a><\/p>\n<p><a href=\"https:\/\/ecoplank.com.pl\/wp-content\/uploads\/2025\/07\/Matte-Easy-Mat.pdf\">S\u00e4kerhetsdatablad DE<\/a><\/p>\n<p><a href=\"https:\/\/ecoplank.com.pl\/wp-content\/uploads\/2025\/07\/Certyfikat-ekologicznego-pochodzenia-produktu.pdf\">Certifikat f\u00f6r \u00e5tervinningens ursprung<\/a><\/p>\n<p><a href=\"https:\/\/ecoplank.com.pl\/wp-content\/uploads\/2025\/07\/Warranty.pdf\">Garanti<\/a><\/p>\n<p><a href=\"https:\/\/ecoplank.com.pl\/wp-content\/uploads\/2025\/07\/Terms-of-service.pdf\">Villkor f\u00f6r tj\u00e4nsten<\/a><\/p>","protected":false},"excerpt":{"rendered":"<p>Kraftiga skyddsmattor f\u00f6r stabila, halkfria ytor i djur- och industriomr\u00e5den.<\/p>","protected":false},"featured_media":1840,"comment_status":"open","ping_status":"closed","template":"","meta":[],"product_brand":[],"product_cat":[48],"product_tag":[],"class_list":{"0":"post-1031","1":"product","2":"type-product","3":"status-publish","4":"has-post-thumbnail","6":"product_cat-ground-mats","8":"first","9":"instock","10":"taxable","11":"shipping-taxable","12":"purchasable","13":"product-type-simple"},"yoast_head":"<!-- This site is optimized with the Yoast SEO plugin v27.6 - https:\/\/yoast.com\/product\/yoast-seo-wordpress\/ -->\n<title>Protective Mats | Heavy-duty Recycled Plastic Solutions<\/title>\n<meta name=\"description\" content=\"Anti-slip protective mats for paddocks and stables. Durable, easy to clean, and long-lasting, made from recycled plastic.\" \/>\n<meta name=\"robots\" content=\"index, follow, max-snippet:-1, max-image-preview:large, max-video-preview:-1\" \/>\n<link rel=\"canonical\" href=\"https:\/\/ecoplank.com.pl\/sv\/butik\/markmattor\/skyddsmattor\/\" \/>\n<meta property=\"og:locale\" content=\"sv_SE\" \/>\n<meta property=\"og:type\" content=\"article\" \/>\n<meta property=\"og:title\" content=\"Protective Mats | Heavy-duty Recycled Plastic Solutions\" \/>\n<meta property=\"og:description\" content=\"Anti-slip protective mats for paddocks and stables. Durable, easy to clean, and long-lasting, made from recycled plastic.\" \/>\n<meta property=\"og:url\" content=\"https:\/\/ecoplank.com.pl\/sv\/butik\/markmattor\/skyddsmattor\/\" \/>\n<meta property=\"og:site_name\" content=\"Ecoplank\" \/>\n<meta property=\"article:publisher\" content=\"https:\/\/www.facebook.com\/profile.php?id=61565971276145\" \/>\n<meta property=\"article:modified_time\" content=\"2025-10-31T16:20:48+00:00\" \/>\n<meta property=\"og:image\" content=\"https:\/\/ecoplank.com.pl\/wp-content\/uploads\/2025\/06\/Protective-mat.jpg\" \/>\n\t<meta property=\"og:image:width\" content=\"1123\" \/>\n\t<meta property=\"og:image:height\" content=\"1123\" \/>\n\t<meta property=\"og:image:type\" content=\"image\/jpeg\" \/>\n<meta name=\"twitter:card\" content=\"summary_large_image\" \/>\n<meta name=\"twitter:label1\" content=\"Ber\u00e4knad l\u00e4stid\" \/>\n\t<meta name=\"twitter:data1\" content=\"1 minut\" \/>\n<script type=\"application\/ld+json\" class=\"yoast-schema-graph\">{\"@context\":\"https:\\\/\\\/schema.org\",\"@graph\":[{\"@type\":\"WebPage\",\"@id\":\"https:\\\/\\\/ecoplank.com.pl\\\/shop\\\/ground-mats\\\/protective-mats\\\/\",\"url\":\"https:\\\/\\\/ecoplank.com.pl\\\/shop\\\/ground-mats\\\/protective-mats\\\/\",\"name\":\"Protective Mats | Heavy-duty Recycled Plastic Solutions\",\"isPartOf\":{\"@id\":\"https:\\\/\\\/ecoplank.com.pl\\\/#website\"},\"primaryImageOfPage\":{\"@id\":\"https:\\\/\\\/ecoplank.com.pl\\\/shop\\\/ground-mats\\\/protective-mats\\\/#primaryimage\"},\"image\":{\"@id\":\"https:\\\/\\\/ecoplank.com.pl\\\/shop\\\/ground-mats\\\/protective-mats\\\/#primaryimage\"},\"thumbnailUrl\":\"https:\\\/\\\/ecoplank.com.pl\\\/wp-content\\\/uploads\\\/2025\\\/06\\\/Protective-mat.jpg\",\"datePublished\":\"2025-06-05T17:12:14+00:00\",\"dateModified\":\"2025-10-31T16:20:48+00:00\",\"description\":\"Anti-slip protective mats for paddocks and stables. Durable, easy to clean, and long-lasting, made from recycled plastic.\",\"breadcrumb\":{\"@id\":\"https:\\\/\\\/ecoplank.com.pl\\\/shop\\\/ground-mats\\\/protective-mats\\\/#breadcrumb\"},\"inLanguage\":\"sv-SE\",\"potentialAction\":[{\"@type\":\"ReadAction\",\"target\":[\"https:\\\/\\\/ecoplank.com.pl\\\/shop\\\/ground-mats\\\/protective-mats\\\/\"]}]},{\"@type\":\"ImageObject\",\"inLanguage\":\"sv-SE\",\"@id\":\"https:\\\/\\\/ecoplank.com.pl\\\/shop\\\/ground-mats\\\/protective-mats\\\/#primaryimage\",\"url\":\"https:\\\/\\\/ecoplank.com.pl\\\/wp-content\\\/uploads\\\/2025\\\/06\\\/Protective-mat.jpg\",\"contentUrl\":\"https:\\\/\\\/ecoplank.com.pl\\\/wp-content\\\/uploads\\\/2025\\\/06\\\/Protective-mat.jpg\",\"width\":1123,\"height\":1123},{\"@type\":\"BreadcrumbList\",\"@id\":\"https:\\\/\\\/ecoplank.com.pl\\\/shop\\\/ground-mats\\\/protective-mats\\\/#breadcrumb\",\"itemListElement\":[{\"@type\":\"ListItem\",\"position\":1,\"name\":\"Home\",\"item\":\"https:\\\/\\\/ecoplank.com.pl\\\/\"},{\"@type\":\"ListItem\",\"position\":2,\"name\":\"Shop\",\"item\":\"https:\\\/\\\/ecoplank.com.pl\\\/shop\\\/\"},{\"@type\":\"ListItem\",\"position\":3,\"name\":\"Protective Mats\"}]},{\"@type\":\"WebSite\",\"@id\":\"https:\\\/\\\/ecoplank.com.pl\\\/#website\",\"url\":\"https:\\\/\\\/ecoplank.com.pl\\\/\",\"name\":\"Ecoplank\",\"description\":\"building sustainably, thriving responsibly\",\"publisher\":{\"@id\":\"https:\\\/\\\/ecoplank.com.pl\\\/#organization\"},\"potentialAction\":[{\"@type\":\"SearchAction\",\"target\":{\"@type\":\"EntryPoint\",\"urlTemplate\":\"https:\\\/\\\/ecoplank.com.pl\\\/?s={search_term_string}\"},\"query-input\":{\"@type\":\"PropertyValueSpecification\",\"valueRequired\":true,\"valueName\":\"search_term_string\"}}],\"inLanguage\":\"sv-SE\"},{\"@type\":\"Organization\",\"@id\":\"https:\\\/\\\/ecoplank.com.pl\\\/#organization\",\"name\":\"Ecoplank\",\"url\":\"https:\\\/\\\/ecoplank.com.pl\\\/\",\"logo\":{\"@type\":\"ImageObject\",\"inLanguage\":\"sv-SE\",\"@id\":\"https:\\\/\\\/ecoplank.com.pl\\\/#\\\/schema\\\/logo\\\/image\\\/\",\"url\":\"https:\\\/\\\/ecoplank.com.pl\\\/wp-content\\\/uploads\\\/2023\\\/11\\\/logo-Ecoplank-scaled.png\",\"contentUrl\":\"https:\\\/\\\/ecoplank.com.pl\\\/wp-content\\\/uploads\\\/2023\\\/11\\\/logo-Ecoplank-scaled.png\",\"width\":2560,\"height\":373,\"caption\":\"Ecoplank\"},\"image\":{\"@id\":\"https:\\\/\\\/ecoplank.com.pl\\\/#\\\/schema\\\/logo\\\/image\\\/\"},\"sameAs\":[\"https:\\\/\\\/www.facebook.com\\\/profile.php?id=61565971276145\",\"https:\\\/\\\/www.instagram.com\\\/ecoplank.recycling\\\/\"]}]}<\/script>\n<!-- \/ Yoast SEO plugin. -->","yoast_head_json":{"title":"Skyddsmattor | Kraftiga l\u00f6sningar i \u00e5tervunnen plast","description":"Halkfria skyddsmattor f\u00f6r paddockar och stall. Slitstarka, l\u00e4tta att reng\u00f6ra och med l\u00e5ng livsl\u00e4ngd, tillverkade av \u00e5tervunnen plast.","robots":{"index":"index","follow":"follow","max-snippet":"max-snippet:-1","max-image-preview":"max-image-preview:large","max-video-preview":"max-video-preview:-1"},"canonical":"https:\/\/ecoplank.com.pl\/sv\/butik\/markmattor\/skyddsmattor\/","og_locale":"sv_SE","og_type":"article","og_title":"Protective Mats | Heavy-duty Recycled Plastic Solutions","og_description":"Anti-slip protective mats for paddocks and stables. Durable, easy to clean, and long-lasting, made from recycled plastic.","og_url":"https:\/\/ecoplank.com.pl\/sv\/butik\/markmattor\/skyddsmattor\/","og_site_name":"Ecoplank","article_publisher":"https:\/\/www.facebook.com\/profile.php?id=61565971276145","article_modified_time":"2025-10-31T16:20:48+00:00","og_image":[{"width":1123,"height":1123,"url":"https:\/\/ecoplank.com.pl\/wp-content\/uploads\/2025\/06\/Protective-mat.jpg","type":"image\/jpeg"}],"twitter_card":"summary_large_image","twitter_misc":{"Ber\u00e4knad l\u00e4stid":"1 minut"},"schema":{"@context":"https:\/\/schema.org","@graph":[{"@type":"WebPage","@id":"https:\/\/ecoplank.com.pl\/shop\/ground-mats\/protective-mats\/","url":"https:\/\/ecoplank.com.pl\/shop\/ground-mats\/protective-mats\/","name":"Skyddsmattor | Kraftiga l\u00f6sningar i \u00e5tervunnen plast","isPartOf":{"@id":"https:\/\/ecoplank.com.pl\/#website"},"primaryImageOfPage":{"@id":"https:\/\/ecoplank.com.pl\/shop\/ground-mats\/protective-mats\/#primaryimage"},"image":{"@id":"https:\/\/ecoplank.com.pl\/shop\/ground-mats\/protective-mats\/#primaryimage"},"thumbnailUrl":"https:\/\/ecoplank.com.pl\/wp-content\/uploads\/2025\/06\/Protective-mat.jpg","datePublished":"2025-06-05T17:12:14+00:00","dateModified":"2025-10-31T16:20:48+00:00","description":"Halkfria skyddsmattor f\u00f6r paddockar och stall. Slitstarka, l\u00e4tta att reng\u00f6ra och med l\u00e5ng livsl\u00e4ngd, tillverkade av \u00e5tervunnen plast.","breadcrumb":{"@id":"https:\/\/ecoplank.com.pl\/shop\/ground-mats\/protective-mats\/#breadcrumb"},"inLanguage":"sv-SE","potentialAction":[{"@type":"ReadAction","target":["https:\/\/ecoplank.com.pl\/shop\/ground-mats\/protective-mats\/"]}]},{"@type":"ImageObject","inLanguage":"sv-SE","@id":"https:\/\/ecoplank.com.pl\/shop\/ground-mats\/protective-mats\/#primaryimage","url":"https:\/\/ecoplank.com.pl\/wp-content\/uploads\/2025\/06\/Protective-mat.jpg","contentUrl":"https:\/\/ecoplank.com.pl\/wp-content\/uploads\/2025\/06\/Protective-mat.jpg","width":1123,"height":1123},{"@type":"BreadcrumbList","@id":"https:\/\/ecoplank.com.pl\/shop\/ground-mats\/protective-mats\/#breadcrumb","itemListElement":[{"@type":"ListItem","position":1,"name":"Home","item":"https:\/\/ecoplank.com.pl\/"},{"@type":"ListItem","position":2,"name":"Shop","item":"https:\/\/ecoplank.com.pl\/shop\/"},{"@type":"ListItem","position":3,"name":"Protective Mats"}]},{"@type":"WebSite","@id":"https:\/\/ecoplank.com.pl\/#website","url":"https:\/\/ecoplank.com.pl\/","name":"Ekoplanka","description":"bygga h\u00e5llbart, blomstra p\u00e5 ett ansvarsfullt s\u00e4tt","publisher":{"@id":"https:\/\/ecoplank.com.pl\/#organization"},"potentialAction":[{"@type":"SearchAction","target":{"@type":"EntryPoint","urlTemplate":"https:\/\/ecoplank.com.pl\/?s={search_term_string}"},"query-input":{"@type":"PropertyValueSpecification","valueRequired":true,"valueName":"search_term_string"}}],"inLanguage":"sv-SE"},{"@type":"Organization","@id":"https:\/\/ecoplank.com.pl\/#organization","name":"Ekoplanka","url":"https:\/\/ecoplank.com.pl\/","logo":{"@type":"ImageObject","inLanguage":"sv-SE","@id":"https:\/\/ecoplank.com.pl\/#\/schema\/logo\/image\/","url":"https:\/\/ecoplank.com.pl\/wp-content\/uploads\/2023\/11\/logo-Ecoplank-scaled.png","contentUrl":"https:\/\/ecoplank.com.pl\/wp-content\/uploads\/2023\/11\/logo-Ecoplank-scaled.png","width":2560,"height":373,"caption":"Ecoplank"},"image":{"@id":"https:\/\/ecoplank.com.pl\/#\/schema\/logo\/image\/"},"sameAs":["https:\/\/www.facebook.com\/profile.php?id=61565971276145","https:\/\/www.instagram.com\/ecoplank.recycling\/"]}]}},"_links":{"self":[{"href":"https:\/\/ecoplank.com.pl\/sv\/wp-json\/wp\/v2\/product\/1031","targetHints":{"allow":["GET"]}}],"collection":[{"href":"https:\/\/ecoplank.com.pl\/sv\/wp-json\/wp\/v2\/product"}],"about":[{"href":"https:\/\/ecoplank.com.pl\/sv\/wp-json\/wp\/v2\/types\/product"}],"replies":[{"embeddable":true,"href":"https:\/\/ecoplank.com.pl\/sv\/wp-json\/wp\/v2\/comments?post=1031"}],"version-history":[{"count":4,"href":"https:\/\/ecoplank.com.pl\/sv\/wp-json\/wp\/v2\/product\/1031\/revisions"}],"predecessor-version":[{"id":1955,"href":"https:\/\/ecoplank.com.pl\/sv\/wp-json\/wp\/v2\/product\/1031\/revisions\/1955"}],"wp:featuredmedia":[{"embeddable":true,"href":"https:\/\/ecoplank.com.pl\/sv\/wp-json\/wp\/v2\/media\/1840"}],"wp:attachment":[{"href":"https:\/\/ecoplank.com.pl\/sv\/wp-json\/wp\/v2\/media?parent=1031"}],"wp:term":[{"taxonomy":"product_brand","embeddable":true,"href":"https:\/\/ecoplank.com.pl\/sv\/wp-json\/wp\/v2\/product_brand?post=1031"},{"taxonomy":"product_cat","embeddable":true,"href":"https:\/\/ecoplank.com.pl\/sv\/wp-json\/wp\/v2\/product_cat?post=1031"},{"taxonomy":"product_tag","embeddable":true,"href":"https:\/\/ecoplank.com.pl\/sv\/wp-json\/wp\/v2\/product_tag?post=1031"}],"curies":[{"name":"wp","href":"https:\/\/api.w.org\/{rel}","templated":true}]}}