{"id":1020,"date":"2025-06-05T16:59:40","date_gmt":"2025-06-05T16:59:40","guid":{"rendered":"https:\/\/ecoplank.com.pl\/?post_type=product&#038;p=1020"},"modified":"2025-10-31T16:35:09","modified_gmt":"2025-10-31T16:35:09","slug":"rafflad-brada","status":"publish","type":"product","link":"https:\/\/ecoplank.com.pl\/sv\/shop\/boards\/grooved-board\/","title":{"rendered":"R\u00e4fflad skiva"},"content":{"rendered":"<p>V\u00e5ra r\u00e4fflade br\u00e4dor har en strukturerad yta som ger b\u00e4ttre grepp i h\u00f6gtrafikerade omr\u00e5den som arenor, bryggor och g\u00e5ngv\u00e4gar. De \u00e4r v\u00e4derbest\u00e4ndiga och kr\u00e4ver lite underh\u00e5ll och erbjuder en perfekt balans mellan estetik och funktionalitet, samtidigt som de bidrar till en h\u00e5llbar milj\u00f6.<\/p>\n<p>&nbsp;<\/p>\n<p>Ladda ner filer:<\/p>\n<p><a href=\"https:\/\/ecoplank.com.pl\/wp-content\/uploads\/2025\/07\/Deska-ryflowana.pdf\">S\u00e4kerhetsdatablad PL<\/a><\/p>\n<p><a href=\"https:\/\/ecoplank.com.pl\/wp-content\/uploads\/2025\/07\/Grooved-board.pdf\">S\u00e4kerhetsdatablad SV<\/a><\/p>\n<p><a href=\"https:\/\/ecoplank.com.pl\/wp-content\/uploads\/2025\/07\/Gerillte-Diele.pdf\">S\u00e4kerhetsdatablad DE<\/a><\/p>\n<p><a href=\"https:\/\/ecoplank.com.pl\/wp-content\/uploads\/2025\/07\/EcoPlank-Instrukcja-Tarasy-2025-PL-v06-fonts.pdf\">Trallmanual Instruktion<\/a><\/p>\n<p><a href=\"https:\/\/ecoplank.com.pl\/wp-content\/uploads\/2025\/07\/Certyfikat-ekologicznego-pochodzenia-produktu.pdf\">Certifikat f\u00f6r \u00e5tervinningens ursprung<\/a><\/p>\n<p><a href=\"https:\/\/ecoplank.com.pl\/wp-content\/uploads\/2025\/07\/Warranty.pdf\">Garanti<\/a><\/p>\n<p><a href=\"https:\/\/ecoplank.com.pl\/wp-content\/uploads\/2025\/07\/Terms-of-service.pdf\">Villkor f\u00f6r tj\u00e4nsten<\/a><\/p>\n<p>&nbsp;<\/p>","protected":false},"excerpt":{"rendered":"<p><em>Produktsymbol : GB32x160<\/em><\/p>\n<p>Halkskyddade r\u00e4fflade br\u00e4dor av \u00e5tervunnen plast f\u00f6r s\u00e4kerhet och stabilitet.<\/p>","protected":false},"featured_media":1843,"comment_status":"open","ping_status":"closed","template":"","meta":[],"product_brand":[],"product_cat":[46],"product_tag":[],"class_list":{"0":"post-1020","1":"product","2":"type-product","3":"status-publish","4":"has-post-thumbnail","6":"product_cat-boards","8":"first","9":"instock","10":"taxable","11":"shipping-taxable","12":"purchasable","13":"product-type-variable"},"yoast_head":"<!-- This site is optimized with the Yoast SEO plugin v27.4 - https:\/\/yoast.com\/product\/yoast-seo-wordpress\/ -->\n<title>Grooved Boards | Safe, Slip-resistant Recycled Plastic Surfaces<\/title>\n<meta name=\"description\" content=\"High-grip grooved boards for decks, arenas, and walkways. Durable, weatherproof, and sustainable solution from EcoPlank.\" \/>\n<meta name=\"robots\" content=\"index, follow, max-snippet:-1, max-image-preview:large, max-video-preview:-1\" \/>\n<link rel=\"canonical\" href=\"https:\/\/ecoplank.com.pl\/sv\/butik\/styrelser\/rafflad-brada\/\" \/>\n<meta property=\"og:locale\" content=\"sv_SE\" \/>\n<meta property=\"og:type\" content=\"article\" \/>\n<meta property=\"og:title\" content=\"Grooved Boards | Safe, Slip-resistant Recycled Plastic Surfaces\" \/>\n<meta property=\"og:description\" content=\"High-grip grooved boards for decks, arenas, and walkways. Durable, weatherproof, and sustainable solution from EcoPlank.\" \/>\n<meta property=\"og:url\" content=\"https:\/\/ecoplank.com.pl\/sv\/butik\/styrelser\/rafflad-brada\/\" \/>\n<meta property=\"og:site_name\" content=\"Ecoplank\" \/>\n<meta property=\"article:publisher\" content=\"https:\/\/www.facebook.com\/profile.php?id=61565971276145\" \/>\n<meta property=\"article:modified_time\" content=\"2025-10-31T16:35:09+00:00\" \/>\n<meta property=\"og:image\" content=\"https:\/\/ecoplank.com.pl\/wp-content\/uploads\/2025\/06\/Grooved-board.jpg\" \/>\n\t<meta property=\"og:image:width\" content=\"1123\" \/>\n\t<meta property=\"og:image:height\" content=\"1123\" \/>\n\t<meta property=\"og:image:type\" content=\"image\/jpeg\" \/>\n<meta name=\"twitter:card\" content=\"summary_large_image\" \/>\n<meta name=\"twitter:label1\" content=\"Ber\u00e4knad l\u00e4stid\" \/>\n\t<meta name=\"twitter:data1\" content=\"1 minut\" \/>\n<script type=\"application\/ld+json\" class=\"yoast-schema-graph\">{\"@context\":\"https:\\\/\\\/schema.org\",\"@graph\":[{\"@type\":\"WebPage\",\"@id\":\"https:\\\/\\\/ecoplank.com.pl\\\/shop\\\/boards\\\/grooved-board\\\/\",\"url\":\"https:\\\/\\\/ecoplank.com.pl\\\/shop\\\/boards\\\/grooved-board\\\/\",\"name\":\"Grooved Boards | Safe, Slip-resistant Recycled Plastic Surfaces\",\"isPartOf\":{\"@id\":\"https:\\\/\\\/ecoplank.com.pl\\\/#website\"},\"primaryImageOfPage\":{\"@id\":\"https:\\\/\\\/ecoplank.com.pl\\\/shop\\\/boards\\\/grooved-board\\\/#primaryimage\"},\"image\":{\"@id\":\"https:\\\/\\\/ecoplank.com.pl\\\/shop\\\/boards\\\/grooved-board\\\/#primaryimage\"},\"thumbnailUrl\":\"https:\\\/\\\/ecoplank.com.pl\\\/wp-content\\\/uploads\\\/2025\\\/06\\\/Grooved-board.jpg\",\"datePublished\":\"2025-06-05T16:59:40+00:00\",\"dateModified\":\"2025-10-31T16:35:09+00:00\",\"description\":\"High-grip grooved boards for decks, arenas, and walkways. Durable, weatherproof, and sustainable solution from EcoPlank.\",\"breadcrumb\":{\"@id\":\"https:\\\/\\\/ecoplank.com.pl\\\/shop\\\/boards\\\/grooved-board\\\/#breadcrumb\"},\"inLanguage\":\"sv-SE\",\"potentialAction\":[{\"@type\":\"ReadAction\",\"target\":[\"https:\\\/\\\/ecoplank.com.pl\\\/shop\\\/boards\\\/grooved-board\\\/\"]}]},{\"@type\":\"ImageObject\",\"inLanguage\":\"sv-SE\",\"@id\":\"https:\\\/\\\/ecoplank.com.pl\\\/shop\\\/boards\\\/grooved-board\\\/#primaryimage\",\"url\":\"https:\\\/\\\/ecoplank.com.pl\\\/wp-content\\\/uploads\\\/2025\\\/06\\\/Grooved-board.jpg\",\"contentUrl\":\"https:\\\/\\\/ecoplank.com.pl\\\/wp-content\\\/uploads\\\/2025\\\/06\\\/Grooved-board.jpg\",\"width\":1123,\"height\":1123},{\"@type\":\"BreadcrumbList\",\"@id\":\"https:\\\/\\\/ecoplank.com.pl\\\/shop\\\/boards\\\/grooved-board\\\/#breadcrumb\",\"itemListElement\":[{\"@type\":\"ListItem\",\"position\":1,\"name\":\"Home\",\"item\":\"https:\\\/\\\/ecoplank.com.pl\\\/\"},{\"@type\":\"ListItem\",\"position\":2,\"name\":\"Shop\",\"item\":\"https:\\\/\\\/ecoplank.com.pl\\\/shop\\\/\"},{\"@type\":\"ListItem\",\"position\":3,\"name\":\"Grooved Board\"}]},{\"@type\":\"WebSite\",\"@id\":\"https:\\\/\\\/ecoplank.com.pl\\\/#website\",\"url\":\"https:\\\/\\\/ecoplank.com.pl\\\/\",\"name\":\"Ecoplank\",\"description\":\"building sustainably, thriving responsibly\",\"publisher\":{\"@id\":\"https:\\\/\\\/ecoplank.com.pl\\\/#organization\"},\"potentialAction\":[{\"@type\":\"SearchAction\",\"target\":{\"@type\":\"EntryPoint\",\"urlTemplate\":\"https:\\\/\\\/ecoplank.com.pl\\\/?s={search_term_string}\"},\"query-input\":{\"@type\":\"PropertyValueSpecification\",\"valueRequired\":true,\"valueName\":\"search_term_string\"}}],\"inLanguage\":\"sv-SE\"},{\"@type\":\"Organization\",\"@id\":\"https:\\\/\\\/ecoplank.com.pl\\\/#organization\",\"name\":\"Ecoplank\",\"url\":\"https:\\\/\\\/ecoplank.com.pl\\\/\",\"logo\":{\"@type\":\"ImageObject\",\"inLanguage\":\"sv-SE\",\"@id\":\"https:\\\/\\\/ecoplank.com.pl\\\/#\\\/schema\\\/logo\\\/image\\\/\",\"url\":\"https:\\\/\\\/ecoplank.com.pl\\\/wp-content\\\/uploads\\\/2023\\\/11\\\/logo-Ecoplank-scaled.png\",\"contentUrl\":\"https:\\\/\\\/ecoplank.com.pl\\\/wp-content\\\/uploads\\\/2023\\\/11\\\/logo-Ecoplank-scaled.png\",\"width\":2560,\"height\":373,\"caption\":\"Ecoplank\"},\"image\":{\"@id\":\"https:\\\/\\\/ecoplank.com.pl\\\/#\\\/schema\\\/logo\\\/image\\\/\"},\"sameAs\":[\"https:\\\/\\\/www.facebook.com\\\/profile.php?id=61565971276145\",\"https:\\\/\\\/www.instagram.com\\\/ecoplank.recycling\\\/\"]}]}<\/script>\n<!-- \/ Yoast SEO plugin. -->","yoast_head_json":{"title":"R\u00e4fflade br\u00e4dor | S\u00e4kra, halks\u00e4kra ytor av \u00e5tervunnen plast","description":"R\u00e4fflade br\u00e4dor med h\u00f6gt grepp f\u00f6r d\u00e4ck, arenor och g\u00e5ngv\u00e4gar. H\u00e5llbar, v\u00e4derbest\u00e4ndig och h\u00e5llbar l\u00f6sning fr\u00e5n EcoPlank.","robots":{"index":"index","follow":"follow","max-snippet":"max-snippet:-1","max-image-preview":"max-image-preview:large","max-video-preview":"max-video-preview:-1"},"canonical":"https:\/\/ecoplank.com.pl\/sv\/butik\/styrelser\/rafflad-brada\/","og_locale":"sv_SE","og_type":"article","og_title":"Grooved Boards | Safe, Slip-resistant Recycled Plastic Surfaces","og_description":"High-grip grooved boards for decks, arenas, and walkways. Durable, weatherproof, and sustainable solution from EcoPlank.","og_url":"https:\/\/ecoplank.com.pl\/sv\/butik\/styrelser\/rafflad-brada\/","og_site_name":"Ecoplank","article_publisher":"https:\/\/www.facebook.com\/profile.php?id=61565971276145","article_modified_time":"2025-10-31T16:35:09+00:00","og_image":[{"width":1123,"height":1123,"url":"https:\/\/ecoplank.com.pl\/wp-content\/uploads\/2025\/06\/Grooved-board.jpg","type":"image\/jpeg"}],"twitter_card":"summary_large_image","twitter_misc":{"Ber\u00e4knad l\u00e4stid":"1 minut"},"schema":{"@context":"https:\/\/schema.org","@graph":[{"@type":"WebPage","@id":"https:\/\/ecoplank.com.pl\/shop\/boards\/grooved-board\/","url":"https:\/\/ecoplank.com.pl\/shop\/boards\/grooved-board\/","name":"R\u00e4fflade br\u00e4dor | S\u00e4kra, halks\u00e4kra ytor av \u00e5tervunnen plast","isPartOf":{"@id":"https:\/\/ecoplank.com.pl\/#website"},"primaryImageOfPage":{"@id":"https:\/\/ecoplank.com.pl\/shop\/boards\/grooved-board\/#primaryimage"},"image":{"@id":"https:\/\/ecoplank.com.pl\/shop\/boards\/grooved-board\/#primaryimage"},"thumbnailUrl":"https:\/\/ecoplank.com.pl\/wp-content\/uploads\/2025\/06\/Grooved-board.jpg","datePublished":"2025-06-05T16:59:40+00:00","dateModified":"2025-10-31T16:35:09+00:00","description":"R\u00e4fflade br\u00e4dor med h\u00f6gt grepp f\u00f6r d\u00e4ck, arenor och g\u00e5ngv\u00e4gar. H\u00e5llbar, v\u00e4derbest\u00e4ndig och h\u00e5llbar l\u00f6sning fr\u00e5n EcoPlank.","breadcrumb":{"@id":"https:\/\/ecoplank.com.pl\/shop\/boards\/grooved-board\/#breadcrumb"},"inLanguage":"sv-SE","potentialAction":[{"@type":"ReadAction","target":["https:\/\/ecoplank.com.pl\/shop\/boards\/grooved-board\/"]}]},{"@type":"ImageObject","inLanguage":"sv-SE","@id":"https:\/\/ecoplank.com.pl\/shop\/boards\/grooved-board\/#primaryimage","url":"https:\/\/ecoplank.com.pl\/wp-content\/uploads\/2025\/06\/Grooved-board.jpg","contentUrl":"https:\/\/ecoplank.com.pl\/wp-content\/uploads\/2025\/06\/Grooved-board.jpg","width":1123,"height":1123},{"@type":"BreadcrumbList","@id":"https:\/\/ecoplank.com.pl\/shop\/boards\/grooved-board\/#breadcrumb","itemListElement":[{"@type":"ListItem","position":1,"name":"Home","item":"https:\/\/ecoplank.com.pl\/"},{"@type":"ListItem","position":2,"name":"Shop","item":"https:\/\/ecoplank.com.pl\/shop\/"},{"@type":"ListItem","position":3,"name":"Grooved Board"}]},{"@type":"WebSite","@id":"https:\/\/ecoplank.com.pl\/#website","url":"https:\/\/ecoplank.com.pl\/","name":"Ekoplanka","description":"bygga h\u00e5llbart, blomstra p\u00e5 ett ansvarsfullt s\u00e4tt","publisher":{"@id":"https:\/\/ecoplank.com.pl\/#organization"},"potentialAction":[{"@type":"SearchAction","target":{"@type":"EntryPoint","urlTemplate":"https:\/\/ecoplank.com.pl\/?s={search_term_string}"},"query-input":{"@type":"PropertyValueSpecification","valueRequired":true,"valueName":"search_term_string"}}],"inLanguage":"sv-SE"},{"@type":"Organization","@id":"https:\/\/ecoplank.com.pl\/#organization","name":"Ekoplanka","url":"https:\/\/ecoplank.com.pl\/","logo":{"@type":"ImageObject","inLanguage":"sv-SE","@id":"https:\/\/ecoplank.com.pl\/#\/schema\/logo\/image\/","url":"https:\/\/ecoplank.com.pl\/wp-content\/uploads\/2023\/11\/logo-Ecoplank-scaled.png","contentUrl":"https:\/\/ecoplank.com.pl\/wp-content\/uploads\/2023\/11\/logo-Ecoplank-scaled.png","width":2560,"height":373,"caption":"Ecoplank"},"image":{"@id":"https:\/\/ecoplank.com.pl\/#\/schema\/logo\/image\/"},"sameAs":["https:\/\/www.facebook.com\/profile.php?id=61565971276145","https:\/\/www.instagram.com\/ecoplank.recycling\/"]}]}},"_links":{"self":[{"href":"https:\/\/ecoplank.com.pl\/sv\/wp-json\/wp\/v2\/product\/1020","targetHints":{"allow":["GET"]}}],"collection":[{"href":"https:\/\/ecoplank.com.pl\/sv\/wp-json\/wp\/v2\/product"}],"about":[{"href":"https:\/\/ecoplank.com.pl\/sv\/wp-json\/wp\/v2\/types\/product"}],"replies":[{"embeddable":true,"href":"https:\/\/ecoplank.com.pl\/sv\/wp-json\/wp\/v2\/comments?post=1020"}],"version-history":[{"count":6,"href":"https:\/\/ecoplank.com.pl\/sv\/wp-json\/wp\/v2\/product\/1020\/revisions"}],"predecessor-version":[{"id":1597,"href":"https:\/\/ecoplank.com.pl\/sv\/wp-json\/wp\/v2\/product\/1020\/revisions\/1597"}],"wp:featuredmedia":[{"embeddable":true,"href":"https:\/\/ecoplank.com.pl\/sv\/wp-json\/wp\/v2\/media\/1843"}],"wp:attachment":[{"href":"https:\/\/ecoplank.com.pl\/sv\/wp-json\/wp\/v2\/media?parent=1020"}],"wp:term":[{"taxonomy":"product_brand","embeddable":true,"href":"https:\/\/ecoplank.com.pl\/sv\/wp-json\/wp\/v2\/product_brand?post=1020"},{"taxonomy":"product_cat","embeddable":true,"href":"https:\/\/ecoplank.com.pl\/sv\/wp-json\/wp\/v2\/product_cat?post=1020"},{"taxonomy":"product_tag","embeddable":true,"href":"https:\/\/ecoplank.com.pl\/sv\/wp-json\/wp\/v2\/product_tag?post=1020"}],"curies":[{"name":"wp","href":"https:\/\/api.w.org\/{rel}","templated":true}]}}