{"id":1016,"date":"2025-06-05T16:56:22","date_gmt":"2025-06-05T16:56:22","guid":{"rendered":"https:\/\/ecoplank.com.pl\/?post_type=product&#038;p=1016"},"modified":"2025-10-31T16:37:38","modified_gmt":"2025-10-31T16:37:38","slug":"spontad-brada","status":"publish","type":"product","link":"https:\/\/ecoplank.com.pl\/sv\/shop\/boards\/tongue-and-groove-board\/","title":{"rendered":"Br\u00e4dor med not och fj\u00e4der"},"content":{"rendered":"<p>V\u00e5ra spontade br\u00e4dor ger en perfekt passform och en elegant finish f\u00f6r staket, inh\u00e4gnader och skiljev\u00e4ggar. De \u00e4r tillverkade av \u00e5tervunnen plast och t\u00e5l tuffa f\u00f6rh\u00e5llanden utan att bli skeva eller splittras. Det naturliga utseendet sm\u00e4lter in i alla landskap och erbjuder ett l\u00e5ngvarigt och milj\u00f6v\u00e4nligt alternativ till traditionellt tr\u00e4.<\/p>\n<p>&nbsp;<\/p>\n<p>Ladda ner filer:<\/p>\n<p><a href=\"https:\/\/ecoplank.com.pl\/wp-content\/uploads\/2025\/07\/Deska-pioro-wpust.pdf\">S\u00e4kerhetsdatablad PL<\/a><\/p>\n<p><a href=\"https:\/\/ecoplank.com.pl\/wp-content\/uploads\/2025\/06\/Tongue-and-groove-board.pdf\">S\u00e4kerhetsdatablad SV<\/a><\/p>\n<p><a href=\"https:\/\/ecoplank.com.pl\/wp-content\/uploads\/2025\/07\/Nut-und-Feder-Diele.pdf\">S\u00e4kerhetsdatablad DE<\/a><\/p>\n<p><a href=\"https:\/\/ecoplank.com.pl\/wp-content\/uploads\/2025\/07\/EcoPlank-Instrukcja-Tarasy-pioro-wpust-2025-PL-fonts-250709-v04.pdf\">Trallmanual Instruktion<\/a><\/p>\n<p><a href=\"https:\/\/ecoplank.com.pl\/wp-content\/uploads\/2025\/07\/Certyfikat-ekologicznego-pochodzenia-produktu.pdf\">Certifikat f\u00f6r \u00e5tervinningens ursprung<\/a><\/p>\n<p><a href=\"https:\/\/ecoplank.com.pl\/wp-content\/uploads\/2025\/07\/Warranty.pdf\">Garanti<\/a><\/p>\n<p><a href=\"https:\/\/ecoplank.com.pl\/wp-content\/uploads\/2025\/07\/Terms-of-service.pdf\">Villkor f\u00f6r tj\u00e4nsten<\/a><\/p>\n<p>&nbsp;<\/p>\n<p>&nbsp;<\/p>","protected":false},"excerpt":{"rendered":"<p><em>Produktsymbol : TG32x140<\/em><\/p>\n<p>\u00c5tervunna skivor med s\u00f6ml\u00f6s not och fj\u00e4der f\u00f6r s\u00e4kra och snygga installationer.<\/p>","protected":false},"featured_media":1845,"comment_status":"open","ping_status":"closed","template":"","meta":[],"product_brand":[],"product_cat":[46],"product_tag":[],"class_list":{"0":"post-1016","1":"product","2":"type-product","3":"status-publish","4":"has-post-thumbnail","6":"product_cat-boards","8":"first","9":"instock","10":"taxable","11":"shipping-taxable","12":"purchasable","13":"product-type-variable"},"yoast_head":"<!-- This site is optimized with the Yoast SEO plugin v27.4 - https:\/\/yoast.com\/product\/yoast-seo-wordpress\/ -->\n<title>Tongue &amp; Groove Boards | Recycled Plastic Solutions<\/title>\n<meta name=\"description\" content=\"Eco-friendly tongue and groove boards for secure fences and partitions. Durable, maintenance-free, and resistant to moisture and UV rays.\" \/>\n<meta name=\"robots\" content=\"index, follow, max-snippet:-1, max-image-preview:large, max-video-preview:-1\" \/>\n<link rel=\"canonical\" href=\"https:\/\/ecoplank.com.pl\/sv\/butik\/styrelser\/spontad-brada\/\" \/>\n<meta property=\"og:locale\" content=\"sv_SE\" \/>\n<meta property=\"og:type\" content=\"article\" \/>\n<meta property=\"og:title\" content=\"Tongue &amp; Groove Boards | Recycled Plastic Solutions\" \/>\n<meta property=\"og:description\" content=\"Eco-friendly tongue and groove boards for secure fences and partitions. Durable, maintenance-free, and resistant to moisture and UV rays.\" \/>\n<meta property=\"og:url\" content=\"https:\/\/ecoplank.com.pl\/sv\/butik\/styrelser\/spontad-brada\/\" \/>\n<meta property=\"og:site_name\" content=\"Ecoplank\" \/>\n<meta property=\"article:publisher\" content=\"https:\/\/www.facebook.com\/profile.php?id=61565971276145\" \/>\n<meta property=\"article:modified_time\" content=\"2025-10-31T16:37:38+00:00\" \/>\n<meta property=\"og:image\" content=\"https:\/\/ecoplank.com.pl\/wp-content\/uploads\/2025\/06\/Tongue-and-groove-board.jpg\" \/>\n\t<meta property=\"og:image:width\" content=\"1123\" \/>\n\t<meta property=\"og:image:height\" content=\"1123\" \/>\n\t<meta property=\"og:image:type\" content=\"image\/jpeg\" \/>\n<meta name=\"twitter:card\" content=\"summary_large_image\" \/>\n<meta name=\"twitter:label1\" content=\"Ber\u00e4knad l\u00e4stid\" \/>\n\t<meta name=\"twitter:data1\" content=\"1 minut\" \/>\n<script type=\"application\/ld+json\" class=\"yoast-schema-graph\">{\"@context\":\"https:\\\/\\\/schema.org\",\"@graph\":[{\"@type\":\"WebPage\",\"@id\":\"https:\\\/\\\/ecoplank.com.pl\\\/shop\\\/boards\\\/tongue-and-groove-board\\\/\",\"url\":\"https:\\\/\\\/ecoplank.com.pl\\\/shop\\\/boards\\\/tongue-and-groove-board\\\/\",\"name\":\"Tongue & Groove Boards | Recycled Plastic Solutions\",\"isPartOf\":{\"@id\":\"https:\\\/\\\/ecoplank.com.pl\\\/#website\"},\"primaryImageOfPage\":{\"@id\":\"https:\\\/\\\/ecoplank.com.pl\\\/shop\\\/boards\\\/tongue-and-groove-board\\\/#primaryimage\"},\"image\":{\"@id\":\"https:\\\/\\\/ecoplank.com.pl\\\/shop\\\/boards\\\/tongue-and-groove-board\\\/#primaryimage\"},\"thumbnailUrl\":\"https:\\\/\\\/ecoplank.com.pl\\\/wp-content\\\/uploads\\\/2025\\\/06\\\/Tongue-and-groove-board.jpg\",\"datePublished\":\"2025-06-05T16:56:22+00:00\",\"dateModified\":\"2025-10-31T16:37:38+00:00\",\"description\":\"Eco-friendly tongue and groove boards for secure fences and partitions. Durable, maintenance-free, and resistant to moisture and UV rays.\",\"breadcrumb\":{\"@id\":\"https:\\\/\\\/ecoplank.com.pl\\\/shop\\\/boards\\\/tongue-and-groove-board\\\/#breadcrumb\"},\"inLanguage\":\"sv-SE\",\"potentialAction\":[{\"@type\":\"ReadAction\",\"target\":[\"https:\\\/\\\/ecoplank.com.pl\\\/shop\\\/boards\\\/tongue-and-groove-board\\\/\"]}]},{\"@type\":\"ImageObject\",\"inLanguage\":\"sv-SE\",\"@id\":\"https:\\\/\\\/ecoplank.com.pl\\\/shop\\\/boards\\\/tongue-and-groove-board\\\/#primaryimage\",\"url\":\"https:\\\/\\\/ecoplank.com.pl\\\/wp-content\\\/uploads\\\/2025\\\/06\\\/Tongue-and-groove-board.jpg\",\"contentUrl\":\"https:\\\/\\\/ecoplank.com.pl\\\/wp-content\\\/uploads\\\/2025\\\/06\\\/Tongue-and-groove-board.jpg\",\"width\":1123,\"height\":1123},{\"@type\":\"BreadcrumbList\",\"@id\":\"https:\\\/\\\/ecoplank.com.pl\\\/shop\\\/boards\\\/tongue-and-groove-board\\\/#breadcrumb\",\"itemListElement\":[{\"@type\":\"ListItem\",\"position\":1,\"name\":\"Home\",\"item\":\"https:\\\/\\\/ecoplank.com.pl\\\/\"},{\"@type\":\"ListItem\",\"position\":2,\"name\":\"Shop\",\"item\":\"https:\\\/\\\/ecoplank.com.pl\\\/shop\\\/\"},{\"@type\":\"ListItem\",\"position\":3,\"name\":\"Tongue and Groove Board\"}]},{\"@type\":\"WebSite\",\"@id\":\"https:\\\/\\\/ecoplank.com.pl\\\/#website\",\"url\":\"https:\\\/\\\/ecoplank.com.pl\\\/\",\"name\":\"Ecoplank\",\"description\":\"building sustainably, thriving responsibly\",\"publisher\":{\"@id\":\"https:\\\/\\\/ecoplank.com.pl\\\/#organization\"},\"potentialAction\":[{\"@type\":\"SearchAction\",\"target\":{\"@type\":\"EntryPoint\",\"urlTemplate\":\"https:\\\/\\\/ecoplank.com.pl\\\/?s={search_term_string}\"},\"query-input\":{\"@type\":\"PropertyValueSpecification\",\"valueRequired\":true,\"valueName\":\"search_term_string\"}}],\"inLanguage\":\"sv-SE\"},{\"@type\":\"Organization\",\"@id\":\"https:\\\/\\\/ecoplank.com.pl\\\/#organization\",\"name\":\"Ecoplank\",\"url\":\"https:\\\/\\\/ecoplank.com.pl\\\/\",\"logo\":{\"@type\":\"ImageObject\",\"inLanguage\":\"sv-SE\",\"@id\":\"https:\\\/\\\/ecoplank.com.pl\\\/#\\\/schema\\\/logo\\\/image\\\/\",\"url\":\"https:\\\/\\\/ecoplank.com.pl\\\/wp-content\\\/uploads\\\/2023\\\/11\\\/logo-Ecoplank-scaled.png\",\"contentUrl\":\"https:\\\/\\\/ecoplank.com.pl\\\/wp-content\\\/uploads\\\/2023\\\/11\\\/logo-Ecoplank-scaled.png\",\"width\":2560,\"height\":373,\"caption\":\"Ecoplank\"},\"image\":{\"@id\":\"https:\\\/\\\/ecoplank.com.pl\\\/#\\\/schema\\\/logo\\\/image\\\/\"},\"sameAs\":[\"https:\\\/\\\/www.facebook.com\\\/profile.php?id=61565971276145\",\"https:\\\/\\\/www.instagram.com\\\/ecoplank.recycling\\\/\"]}]}<\/script>\n<!-- \/ Yoast SEO plugin. -->","yoast_head_json":{"title":"Br\u00e4dor med not och fj\u00e4der | Recycled Plastic Solutions","description":"Milj\u00f6v\u00e4nliga spontade br\u00e4dor f\u00f6r s\u00e4kra staket och skiljev\u00e4ggar. Slitstarka, underh\u00e5llsfria och motst\u00e5ndskraftiga mot fukt och UV-str\u00e5lar.","robots":{"index":"index","follow":"follow","max-snippet":"max-snippet:-1","max-image-preview":"max-image-preview:large","max-video-preview":"max-video-preview:-1"},"canonical":"https:\/\/ecoplank.com.pl\/sv\/butik\/styrelser\/spontad-brada\/","og_locale":"sv_SE","og_type":"article","og_title":"Tongue & Groove Boards | Recycled Plastic Solutions","og_description":"Eco-friendly tongue and groove boards for secure fences and partitions. Durable, maintenance-free, and resistant to moisture and UV rays.","og_url":"https:\/\/ecoplank.com.pl\/sv\/butik\/styrelser\/spontad-brada\/","og_site_name":"Ecoplank","article_publisher":"https:\/\/www.facebook.com\/profile.php?id=61565971276145","article_modified_time":"2025-10-31T16:37:38+00:00","og_image":[{"width":1123,"height":1123,"url":"https:\/\/ecoplank.com.pl\/wp-content\/uploads\/2025\/06\/Tongue-and-groove-board.jpg","type":"image\/jpeg"}],"twitter_card":"summary_large_image","twitter_misc":{"Ber\u00e4knad l\u00e4stid":"1 minut"},"schema":{"@context":"https:\/\/schema.org","@graph":[{"@type":"WebPage","@id":"https:\/\/ecoplank.com.pl\/shop\/boards\/tongue-and-groove-board\/","url":"https:\/\/ecoplank.com.pl\/shop\/boards\/tongue-and-groove-board\/","name":"Br\u00e4dor med not och fj\u00e4der | Recycled Plastic Solutions","isPartOf":{"@id":"https:\/\/ecoplank.com.pl\/#website"},"primaryImageOfPage":{"@id":"https:\/\/ecoplank.com.pl\/shop\/boards\/tongue-and-groove-board\/#primaryimage"},"image":{"@id":"https:\/\/ecoplank.com.pl\/shop\/boards\/tongue-and-groove-board\/#primaryimage"},"thumbnailUrl":"https:\/\/ecoplank.com.pl\/wp-content\/uploads\/2025\/06\/Tongue-and-groove-board.jpg","datePublished":"2025-06-05T16:56:22+00:00","dateModified":"2025-10-31T16:37:38+00:00","description":"Milj\u00f6v\u00e4nliga spontade br\u00e4dor f\u00f6r s\u00e4kra staket och skiljev\u00e4ggar. Slitstarka, underh\u00e5llsfria och motst\u00e5ndskraftiga mot fukt och UV-str\u00e5lar.","breadcrumb":{"@id":"https:\/\/ecoplank.com.pl\/shop\/boards\/tongue-and-groove-board\/#breadcrumb"},"inLanguage":"sv-SE","potentialAction":[{"@type":"ReadAction","target":["https:\/\/ecoplank.com.pl\/shop\/boards\/tongue-and-groove-board\/"]}]},{"@type":"ImageObject","inLanguage":"sv-SE","@id":"https:\/\/ecoplank.com.pl\/shop\/boards\/tongue-and-groove-board\/#primaryimage","url":"https:\/\/ecoplank.com.pl\/wp-content\/uploads\/2025\/06\/Tongue-and-groove-board.jpg","contentUrl":"https:\/\/ecoplank.com.pl\/wp-content\/uploads\/2025\/06\/Tongue-and-groove-board.jpg","width":1123,"height":1123},{"@type":"BreadcrumbList","@id":"https:\/\/ecoplank.com.pl\/shop\/boards\/tongue-and-groove-board\/#breadcrumb","itemListElement":[{"@type":"ListItem","position":1,"name":"Home","item":"https:\/\/ecoplank.com.pl\/"},{"@type":"ListItem","position":2,"name":"Shop","item":"https:\/\/ecoplank.com.pl\/shop\/"},{"@type":"ListItem","position":3,"name":"Tongue and Groove Board"}]},{"@type":"WebSite","@id":"https:\/\/ecoplank.com.pl\/#website","url":"https:\/\/ecoplank.com.pl\/","name":"Ekoplanka","description":"bygga h\u00e5llbart, blomstra p\u00e5 ett ansvarsfullt s\u00e4tt","publisher":{"@id":"https:\/\/ecoplank.com.pl\/#organization"},"potentialAction":[{"@type":"SearchAction","target":{"@type":"EntryPoint","urlTemplate":"https:\/\/ecoplank.com.pl\/?s={search_term_string}"},"query-input":{"@type":"PropertyValueSpecification","valueRequired":true,"valueName":"search_term_string"}}],"inLanguage":"sv-SE"},{"@type":"Organization","@id":"https:\/\/ecoplank.com.pl\/#organization","name":"Ekoplanka","url":"https:\/\/ecoplank.com.pl\/","logo":{"@type":"ImageObject","inLanguage":"sv-SE","@id":"https:\/\/ecoplank.com.pl\/#\/schema\/logo\/image\/","url":"https:\/\/ecoplank.com.pl\/wp-content\/uploads\/2023\/11\/logo-Ecoplank-scaled.png","contentUrl":"https:\/\/ecoplank.com.pl\/wp-content\/uploads\/2023\/11\/logo-Ecoplank-scaled.png","width":2560,"height":373,"caption":"Ecoplank"},"image":{"@id":"https:\/\/ecoplank.com.pl\/#\/schema\/logo\/image\/"},"sameAs":["https:\/\/www.facebook.com\/profile.php?id=61565971276145","https:\/\/www.instagram.com\/ecoplank.recycling\/"]}]}},"_links":{"self":[{"href":"https:\/\/ecoplank.com.pl\/sv\/wp-json\/wp\/v2\/product\/1016","targetHints":{"allow":["GET"]}}],"collection":[{"href":"https:\/\/ecoplank.com.pl\/sv\/wp-json\/wp\/v2\/product"}],"about":[{"href":"https:\/\/ecoplank.com.pl\/sv\/wp-json\/wp\/v2\/types\/product"}],"replies":[{"embeddable":true,"href":"https:\/\/ecoplank.com.pl\/sv\/wp-json\/wp\/v2\/comments?post=1016"}],"version-history":[{"count":10,"href":"https:\/\/ecoplank.com.pl\/sv\/wp-json\/wp\/v2\/product\/1016\/revisions"}],"predecessor-version":[{"id":1962,"href":"https:\/\/ecoplank.com.pl\/sv\/wp-json\/wp\/v2\/product\/1016\/revisions\/1962"}],"wp:featuredmedia":[{"embeddable":true,"href":"https:\/\/ecoplank.com.pl\/sv\/wp-json\/wp\/v2\/media\/1845"}],"wp:attachment":[{"href":"https:\/\/ecoplank.com.pl\/sv\/wp-json\/wp\/v2\/media?parent=1016"}],"wp:term":[{"taxonomy":"product_brand","embeddable":true,"href":"https:\/\/ecoplank.com.pl\/sv\/wp-json\/wp\/v2\/product_brand?post=1016"},{"taxonomy":"product_cat","embeddable":true,"href":"https:\/\/ecoplank.com.pl\/sv\/wp-json\/wp\/v2\/product_cat?post=1016"},{"taxonomy":"product_tag","embeddable":true,"href":"https:\/\/ecoplank.com.pl\/sv\/wp-json\/wp\/v2\/product_tag?post=1016"}],"curies":[{"name":"wp","href":"https:\/\/api.w.org\/{rel}","templated":true}]}}