{"id":1020,"date":"2025-06-05T16:59:40","date_gmt":"2025-06-05T16:59:40","guid":{"rendered":"https:\/\/ecoplank.com.pl\/?post_type=product&#038;p=1020"},"modified":"2025-10-31T16:35:09","modified_gmt":"2025-10-31T16:35:09","slug":"deska-ryflowana","status":"publish","type":"product","link":"https:\/\/ecoplank.com.pl\/pl\/shop\/boards\/grooved-board\/","title":{"rendered":"Deska ryflowana"},"content":{"rendered":"<p>Nasze ryflowane deski maj\u0105 teksturowan\u0105 powierzchni\u0119, zapewniaj\u0105c lepsz\u0105 przyczepno\u015b\u0107 w miejscach o du\u017cym nat\u0119\u017ceniu ruchu, takich jak areny, pomosty i chodniki. Odporne na warunki atmosferyczne i \u0142atwe w utrzymaniu, oferuj\u0105 idealn\u0105 r\u00f3wnowag\u0119 mi\u0119dzy estetyk\u0105 i funkcjonalno\u015bci\u0105, jednocze\u015bnie przyczyniaj\u0105c si\u0119 do zr\u00f3wnowa\u017conego rozwoju \u015brodowiska.<\/p>\n<p>&nbsp;<\/p>\n<p>Pobieranie plik\u00f3w:<\/p>\n<p><a href=\"https:\/\/ecoplank.com.pl\/wp-content\/uploads\/2025\/07\/Deska-ryflowana.pdf\">Karta charakterystyki PL<\/a><\/p>\n<p><a href=\"https:\/\/ecoplank.com.pl\/wp-content\/uploads\/2025\/07\/Grooved-board.pdf\">Karta charakterystyki PL<\/a><\/p>\n<p><a href=\"https:\/\/ecoplank.com.pl\/wp-content\/uploads\/2025\/07\/Gerillte-Diele.pdf\">Karta charakterystyki DE<\/a><\/p>\n<p><a href=\"https:\/\/ecoplank.com.pl\/wp-content\/uploads\/2025\/07\/EcoPlank-Instrukcja-Tarasy-2025-PL-v06-fonts.pdf\">Instrukcja obs\u0142ugi taras\u00f3w<\/a><\/p>\n<p><a href=\"https:\/\/ecoplank.com.pl\/wp-content\/uploads\/2025\/07\/Certyfikat-ekologicznego-pochodzenia-produktu.pdf\">Certyfikat pochodzenia z recyklingu<\/a><\/p>\n<p><a href=\"https:\/\/ecoplank.com.pl\/wp-content\/uploads\/2025\/07\/Warranty.pdf\">Gwarancja<\/a><\/p>\n<p><a href=\"https:\/\/ecoplank.com.pl\/wp-content\/uploads\/2025\/07\/Terms-of-service.pdf\">Warunki \u015bwiadczenia us\u0142ug<\/a><\/p>\n<p>&nbsp;<\/p>","protected":false},"excerpt":{"rendered":"<p><em>Symbol produktu: GB32x160<\/em><\/p>\n<p>Antypo\u015blizgowe, rowkowane deski z tworzywa sztucznego pochodz\u0105cego z recyklingu zapewniaj\u0105 bezpiecze\u0144stwo i stabilno\u015b\u0107.<\/p>","protected":false},"featured_media":1843,"comment_status":"open","ping_status":"closed","template":"","meta":[],"product_brand":[],"product_cat":[46],"product_tag":[],"class_list":{"0":"post-1020","1":"product","2":"type-product","3":"status-publish","4":"has-post-thumbnail","6":"product_cat-boards","8":"first","9":"instock","10":"taxable","11":"shipping-taxable","12":"purchasable","13":"product-type-variable"},"yoast_head":"<!-- This site is optimized with the Yoast SEO plugin v27.4 - https:\/\/yoast.com\/product\/yoast-seo-wordpress\/ -->\n<title>Grooved Boards | Safe, Slip-resistant Recycled Plastic Surfaces<\/title>\n<meta name=\"description\" content=\"High-grip grooved boards for decks, arenas, and walkways. Durable, weatherproof, and sustainable solution from EcoPlank.\" \/>\n<meta name=\"robots\" content=\"index, follow, max-snippet:-1, max-image-preview:large, max-video-preview:-1\" \/>\n<link rel=\"canonical\" href=\"https:\/\/ecoplank.com.pl\/pl\/sklep\/tablice\/deska-ryflowana\/\" \/>\n<meta property=\"og:locale\" content=\"pl_PL\" \/>\n<meta property=\"og:type\" content=\"article\" \/>\n<meta property=\"og:title\" content=\"Grooved Boards | Safe, Slip-resistant Recycled Plastic Surfaces\" \/>\n<meta property=\"og:description\" content=\"High-grip grooved boards for decks, arenas, and walkways. Durable, weatherproof, and sustainable solution from EcoPlank.\" \/>\n<meta property=\"og:url\" content=\"https:\/\/ecoplank.com.pl\/pl\/sklep\/tablice\/deska-ryflowana\/\" \/>\n<meta property=\"og:site_name\" content=\"Ecoplank\" \/>\n<meta property=\"article:publisher\" content=\"https:\/\/www.facebook.com\/profile.php?id=61565971276145\" \/>\n<meta property=\"article:modified_time\" content=\"2025-10-31T16:35:09+00:00\" \/>\n<meta property=\"og:image\" content=\"https:\/\/ecoplank.com.pl\/wp-content\/uploads\/2025\/06\/Grooved-board.jpg\" \/>\n\t<meta property=\"og:image:width\" content=\"1123\" \/>\n\t<meta property=\"og:image:height\" content=\"1123\" \/>\n\t<meta property=\"og:image:type\" content=\"image\/jpeg\" \/>\n<meta name=\"twitter:card\" content=\"summary_large_image\" \/>\n<meta name=\"twitter:label1\" content=\"Szacowany czas czytania\" \/>\n\t<meta name=\"twitter:data1\" content=\"1 minuta\" \/>\n<script type=\"application\/ld+json\" class=\"yoast-schema-graph\">{\"@context\":\"https:\\\/\\\/schema.org\",\"@graph\":[{\"@type\":\"WebPage\",\"@id\":\"https:\\\/\\\/ecoplank.com.pl\\\/shop\\\/boards\\\/grooved-board\\\/\",\"url\":\"https:\\\/\\\/ecoplank.com.pl\\\/shop\\\/boards\\\/grooved-board\\\/\",\"name\":\"Grooved Boards | Safe, Slip-resistant Recycled Plastic Surfaces\",\"isPartOf\":{\"@id\":\"https:\\\/\\\/ecoplank.com.pl\\\/#website\"},\"primaryImageOfPage\":{\"@id\":\"https:\\\/\\\/ecoplank.com.pl\\\/shop\\\/boards\\\/grooved-board\\\/#primaryimage\"},\"image\":{\"@id\":\"https:\\\/\\\/ecoplank.com.pl\\\/shop\\\/boards\\\/grooved-board\\\/#primaryimage\"},\"thumbnailUrl\":\"https:\\\/\\\/ecoplank.com.pl\\\/wp-content\\\/uploads\\\/2025\\\/06\\\/Grooved-board.jpg\",\"datePublished\":\"2025-06-05T16:59:40+00:00\",\"dateModified\":\"2025-10-31T16:35:09+00:00\",\"description\":\"High-grip grooved boards for decks, arenas, and walkways. Durable, weatherproof, and sustainable solution from EcoPlank.\",\"breadcrumb\":{\"@id\":\"https:\\\/\\\/ecoplank.com.pl\\\/shop\\\/boards\\\/grooved-board\\\/#breadcrumb\"},\"inLanguage\":\"pl-PL\",\"potentialAction\":[{\"@type\":\"ReadAction\",\"target\":[\"https:\\\/\\\/ecoplank.com.pl\\\/shop\\\/boards\\\/grooved-board\\\/\"]}]},{\"@type\":\"ImageObject\",\"inLanguage\":\"pl-PL\",\"@id\":\"https:\\\/\\\/ecoplank.com.pl\\\/shop\\\/boards\\\/grooved-board\\\/#primaryimage\",\"url\":\"https:\\\/\\\/ecoplank.com.pl\\\/wp-content\\\/uploads\\\/2025\\\/06\\\/Grooved-board.jpg\",\"contentUrl\":\"https:\\\/\\\/ecoplank.com.pl\\\/wp-content\\\/uploads\\\/2025\\\/06\\\/Grooved-board.jpg\",\"width\":1123,\"height\":1123},{\"@type\":\"BreadcrumbList\",\"@id\":\"https:\\\/\\\/ecoplank.com.pl\\\/shop\\\/boards\\\/grooved-board\\\/#breadcrumb\",\"itemListElement\":[{\"@type\":\"ListItem\",\"position\":1,\"name\":\"Home\",\"item\":\"https:\\\/\\\/ecoplank.com.pl\\\/\"},{\"@type\":\"ListItem\",\"position\":2,\"name\":\"Shop\",\"item\":\"https:\\\/\\\/ecoplank.com.pl\\\/shop\\\/\"},{\"@type\":\"ListItem\",\"position\":3,\"name\":\"Grooved Board\"}]},{\"@type\":\"WebSite\",\"@id\":\"https:\\\/\\\/ecoplank.com.pl\\\/#website\",\"url\":\"https:\\\/\\\/ecoplank.com.pl\\\/\",\"name\":\"Ecoplank\",\"description\":\"building sustainably, thriving responsibly\",\"publisher\":{\"@id\":\"https:\\\/\\\/ecoplank.com.pl\\\/#organization\"},\"potentialAction\":[{\"@type\":\"SearchAction\",\"target\":{\"@type\":\"EntryPoint\",\"urlTemplate\":\"https:\\\/\\\/ecoplank.com.pl\\\/?s={search_term_string}\"},\"query-input\":{\"@type\":\"PropertyValueSpecification\",\"valueRequired\":true,\"valueName\":\"search_term_string\"}}],\"inLanguage\":\"pl-PL\"},{\"@type\":\"Organization\",\"@id\":\"https:\\\/\\\/ecoplank.com.pl\\\/#organization\",\"name\":\"Ecoplank\",\"url\":\"https:\\\/\\\/ecoplank.com.pl\\\/\",\"logo\":{\"@type\":\"ImageObject\",\"inLanguage\":\"pl-PL\",\"@id\":\"https:\\\/\\\/ecoplank.com.pl\\\/#\\\/schema\\\/logo\\\/image\\\/\",\"url\":\"https:\\\/\\\/ecoplank.com.pl\\\/wp-content\\\/uploads\\\/2023\\\/11\\\/logo-Ecoplank-scaled.png\",\"contentUrl\":\"https:\\\/\\\/ecoplank.com.pl\\\/wp-content\\\/uploads\\\/2023\\\/11\\\/logo-Ecoplank-scaled.png\",\"width\":2560,\"height\":373,\"caption\":\"Ecoplank\"},\"image\":{\"@id\":\"https:\\\/\\\/ecoplank.com.pl\\\/#\\\/schema\\\/logo\\\/image\\\/\"},\"sameAs\":[\"https:\\\/\\\/www.facebook.com\\\/profile.php?id=61565971276145\",\"https:\\\/\\\/www.instagram.com\\\/ecoplank.recycling\\\/\"]}]}<\/script>\n<!-- \/ Yoast SEO plugin. -->","yoast_head_json":{"title":"P\u0142yty ryflowane | Bezpieczne, antypo\u015blizgowe powierzchnie z tworzyw sztucznych pochodz\u0105cych z recyklingu","description":"Deski ryflowane o wysokiej przyczepno\u015bci do taras\u00f3w, aren i chodnik\u00f3w. Trwa\u0142e, odporne na warunki atmosferyczne i zr\u00f3wnowa\u017cone rozwi\u0105zanie EcoPlank.","robots":{"index":"index","follow":"follow","max-snippet":"max-snippet:-1","max-image-preview":"max-image-preview:large","max-video-preview":"max-video-preview:-1"},"canonical":"https:\/\/ecoplank.com.pl\/pl\/sklep\/tablice\/deska-ryflowana\/","og_locale":"pl_PL","og_type":"article","og_title":"Grooved Boards | Safe, Slip-resistant Recycled Plastic Surfaces","og_description":"High-grip grooved boards for decks, arenas, and walkways. Durable, weatherproof, and sustainable solution from EcoPlank.","og_url":"https:\/\/ecoplank.com.pl\/pl\/sklep\/tablice\/deska-ryflowana\/","og_site_name":"Ecoplank","article_publisher":"https:\/\/www.facebook.com\/profile.php?id=61565971276145","article_modified_time":"2025-10-31T16:35:09+00:00","og_image":[{"width":1123,"height":1123,"url":"https:\/\/ecoplank.com.pl\/wp-content\/uploads\/2025\/06\/Grooved-board.jpg","type":"image\/jpeg"}],"twitter_card":"summary_large_image","twitter_misc":{"Szacowany czas czytania":"1 minuta"},"schema":{"@context":"https:\/\/schema.org","@graph":[{"@type":"WebPage","@id":"https:\/\/ecoplank.com.pl\/shop\/boards\/grooved-board\/","url":"https:\/\/ecoplank.com.pl\/shop\/boards\/grooved-board\/","name":"P\u0142yty ryflowane | Bezpieczne, antypo\u015blizgowe powierzchnie z tworzyw sztucznych pochodz\u0105cych z recyklingu","isPartOf":{"@id":"https:\/\/ecoplank.com.pl\/#website"},"primaryImageOfPage":{"@id":"https:\/\/ecoplank.com.pl\/shop\/boards\/grooved-board\/#primaryimage"},"image":{"@id":"https:\/\/ecoplank.com.pl\/shop\/boards\/grooved-board\/#primaryimage"},"thumbnailUrl":"https:\/\/ecoplank.com.pl\/wp-content\/uploads\/2025\/06\/Grooved-board.jpg","datePublished":"2025-06-05T16:59:40+00:00","dateModified":"2025-10-31T16:35:09+00:00","description":"Deski ryflowane o wysokiej przyczepno\u015bci do taras\u00f3w, aren i chodnik\u00f3w. Trwa\u0142e, odporne na warunki atmosferyczne i zr\u00f3wnowa\u017cone rozwi\u0105zanie EcoPlank.","breadcrumb":{"@id":"https:\/\/ecoplank.com.pl\/shop\/boards\/grooved-board\/#breadcrumb"},"inLanguage":"pl-PL","potentialAction":[{"@type":"ReadAction","target":["https:\/\/ecoplank.com.pl\/shop\/boards\/grooved-board\/"]}]},{"@type":"ImageObject","inLanguage":"pl-PL","@id":"https:\/\/ecoplank.com.pl\/shop\/boards\/grooved-board\/#primaryimage","url":"https:\/\/ecoplank.com.pl\/wp-content\/uploads\/2025\/06\/Grooved-board.jpg","contentUrl":"https:\/\/ecoplank.com.pl\/wp-content\/uploads\/2025\/06\/Grooved-board.jpg","width":1123,"height":1123},{"@type":"BreadcrumbList","@id":"https:\/\/ecoplank.com.pl\/shop\/boards\/grooved-board\/#breadcrumb","itemListElement":[{"@type":"ListItem","position":1,"name":"Home","item":"https:\/\/ecoplank.com.pl\/"},{"@type":"ListItem","position":2,"name":"Shop","item":"https:\/\/ecoplank.com.pl\/shop\/"},{"@type":"ListItem","position":3,"name":"Grooved Board"}]},{"@type":"WebSite","@id":"https:\/\/ecoplank.com.pl\/#website","url":"https:\/\/ecoplank.com.pl\/","name":"Ecoplank","description":"Budowa\u0107 w spos\u00f3b zr\u00f3wnowa\u017cony, rozwija\u0107 si\u0119 odpowiedzialnie","publisher":{"@id":"https:\/\/ecoplank.com.pl\/#organization"},"potentialAction":[{"@type":"SearchAction","target":{"@type":"EntryPoint","urlTemplate":"https:\/\/ecoplank.com.pl\/?s={search_term_string}"},"query-input":{"@type":"PropertyValueSpecification","valueRequired":true,"valueName":"search_term_string"}}],"inLanguage":"pl-PL"},{"@type":"Organization","@id":"https:\/\/ecoplank.com.pl\/#organization","name":"Ecoplank","url":"https:\/\/ecoplank.com.pl\/","logo":{"@type":"ImageObject","inLanguage":"pl-PL","@id":"https:\/\/ecoplank.com.pl\/#\/schema\/logo\/image\/","url":"https:\/\/ecoplank.com.pl\/wp-content\/uploads\/2023\/11\/logo-Ecoplank-scaled.png","contentUrl":"https:\/\/ecoplank.com.pl\/wp-content\/uploads\/2023\/11\/logo-Ecoplank-scaled.png","width":2560,"height":373,"caption":"Ecoplank"},"image":{"@id":"https:\/\/ecoplank.com.pl\/#\/schema\/logo\/image\/"},"sameAs":["https:\/\/www.facebook.com\/profile.php?id=61565971276145","https:\/\/www.instagram.com\/ecoplank.recycling\/"]}]}},"_links":{"self":[{"href":"https:\/\/ecoplank.com.pl\/pl\/wp-json\/wp\/v2\/product\/1020","targetHints":{"allow":["GET"]}}],"collection":[{"href":"https:\/\/ecoplank.com.pl\/pl\/wp-json\/wp\/v2\/product"}],"about":[{"href":"https:\/\/ecoplank.com.pl\/pl\/wp-json\/wp\/v2\/types\/product"}],"replies":[{"embeddable":true,"href":"https:\/\/ecoplank.com.pl\/pl\/wp-json\/wp\/v2\/comments?post=1020"}],"version-history":[{"count":6,"href":"https:\/\/ecoplank.com.pl\/pl\/wp-json\/wp\/v2\/product\/1020\/revisions"}],"predecessor-version":[{"id":1597,"href":"https:\/\/ecoplank.com.pl\/pl\/wp-json\/wp\/v2\/product\/1020\/revisions\/1597"}],"wp:featuredmedia":[{"embeddable":true,"href":"https:\/\/ecoplank.com.pl\/pl\/wp-json\/wp\/v2\/media\/1843"}],"wp:attachment":[{"href":"https:\/\/ecoplank.com.pl\/pl\/wp-json\/wp\/v2\/media?parent=1020"}],"wp:term":[{"taxonomy":"product_brand","embeddable":true,"href":"https:\/\/ecoplank.com.pl\/pl\/wp-json\/wp\/v2\/product_brand?post=1020"},{"taxonomy":"product_cat","embeddable":true,"href":"https:\/\/ecoplank.com.pl\/pl\/wp-json\/wp\/v2\/product_cat?post=1020"},{"taxonomy":"product_tag","embeddable":true,"href":"https:\/\/ecoplank.com.pl\/pl\/wp-json\/wp\/v2\/product_tag?post=1020"}],"curies":[{"name":"wp","href":"https:\/\/api.w.org\/{rel}","templated":true}]}}