{"id":1243,"date":"2025-06-17T11:19:53","date_gmt":"2025-06-17T11:19:53","guid":{"rendered":"https:\/\/ecoplank.com.pl\/?page_id=1243"},"modified":"2025-06-17T12:02:03","modified_gmt":"2025-06-17T12:02:03","slug":"podminky","status":"publish","type":"page","link":"https:\/\/ecoplank.com.pl\/cs\/terms-and-conditions\/","title":{"rendered":"Podm\u00ednky a pravidla"},"content":{"rendered":"<div data-elementor-type=\"wp-page\" data-elementor-id=\"1243\" class=\"elementor elementor-1243\" data-elementor-post-type=\"page\">\n\t\t\t\t\t\t<section class=\"elementor-section elementor-top-section elementor-element elementor-element-545becb9 elementor-section-boxed elementor-section-height-default elementor-section-height-default\" data-id=\"545becb9\" data-element_type=\"section\" data-e-type=\"section\" data-settings=\"{&quot;background_background&quot;:&quot;classic&quot;}\">\n\t\t\t\t\t\t<div class=\"elementor-container elementor-column-gap-default\">\n\t\t\t\t\t<div class=\"elementor-column elementor-col-100 elementor-top-column elementor-element elementor-element-1720574d\" data-id=\"1720574d\" data-element_type=\"column\" data-e-type=\"column\" data-settings=\"{&quot;background_background&quot;:&quot;classic&quot;}\">\n\t\t\t<div class=\"elementor-widget-wrap elementor-element-populated\">\n\t\t\t\t\t\t<div class=\"elementor-element elementor-element-274d31da elementor-widget elementor-widget-text-editor\" data-id=\"274d31da\" data-element_type=\"widget\" data-e-type=\"widget\" data-widget_type=\"text-editor.default\">\n\t\t\t\t<div class=\"elementor-widget-container\">\n\t\t\t\t\t\t\t\t\t<h2 style=\"text-align: center;\">Podm\u00ednky a pravidla<\/h2>\n<p><br><\/p>\n<h3>\u00a71 \u00davodn\u00ed ustanoven\u00ed<\/h3>\n<ol>\n<li>Online obchod je k dispozici na adrese <b>www.ecoplank.com.pl<\/b> provozuje <b>Ecoplank P.S.A., ul. Pi\u0119kna 11\/1, 00-549 Var\u0161ava, Polsko, DI\u010c: PL5213993281<\/b>.<\/li>\n<li>Tyto podm\u00ednky se vztahuj\u00ed na spot\u0159ebitele i podniky, pokud nen\u00ed uvedeno jinak.<\/li>\n<li>Spr\u00e1vcem \u00fadaj\u016f je poskytovatel slu\u017eeb. Podrobnosti jsou uvedeny v <a href=\"\/cs\/zasady-ochrany-osobnich-udaju\/\">Z\u00e1sady ochrany osobn\u00edch \u00fadaj\u016f<\/a>.<\/li>\n<\/ol>\n<h3><\/h3>\n<h3>\u00a72 Definice<\/h3>\n<ol>\n<li><b>Spot\u0159ebitel<\/b> - n\u00e1kupy fyzick\u00fdch osob, kter\u00e9 nesouvisej\u00ed s profesn\u00ed \u010dinnost\u00ed.<\/li>\n<li><b>Prodejce<\/b> - Ecoplank P.S.A.<\/li>\n<li><b>Klient<\/b> - jak\u00fdkoli kupuj\u00edc\u00ed subjekt.<\/li>\n<li><b>Obchodn\u00ed<\/b> - podnikatelsk\u00fd subjekt, kter\u00fd obchod pou\u017e\u00edv\u00e1.<\/li>\n<li><b>Obchod<\/b> - www.ecoplank.com.pl.<\/li>\n<li><b>Smlouva na d\u00e1lku<\/b> - smlouva uzav\u0159en\u00e1 bez sou\u010dasn\u00e9 fyzick\u00e9 p\u0159\u00edtomnosti.<\/li>\n<li><b>Objedn\u00e1vka<\/b>, <b>\u00da\u010det<\/b>, <b>Formul\u00e1\u0159e<\/b>, <b>Ko\u0161\u00edk<\/b>, <b>Produkt<\/b>, <b>Prodejn\u00ed smlouva<\/b> - jak je pops\u00e1no v na\u0159\u00edzen\u00ed.<\/li>\n<\/ol>\n<h3><\/h3>\n<h3>\u00a73 Kontakt s obchodem<\/h3>\n<ul>\n<li><b>Adresa:<\/b> ul. Pi\u0119kna 11\/1, 00-549 Var\u0161ava<\/li>\n<li><b>E-mail:<\/b> <a href=\"mailto:info@ecoplank.com.pl\">info@ecoplank.com.pl<\/a><\/li>\n<li><b>Telefon:<\/b> +48 790 745 168<\/li>\n<\/ul>\n<h3><\/h3>\n<h3>\u00a74 Technick\u00e9 po\u017eadavky<\/h3>\n<ul>\n<li>P\u0159\u00edstup k internetu a prohl\u00ed\u017ee\u010d<\/li>\n<li>Aktivn\u00ed e-mailov\u00fd \u00fa\u010det<\/li>\n<li>Povolen\u00e9 soubory cookie<\/li>\n<\/ul>\n<h3><\/h3>\n<h3>\u00a75 Obecn\u00e9 informace<\/h3>\n<ol>\n<li>\u017d\u00e1dn\u00e1 odpov\u011bdnost za vy\u0161\u0161\u00ed moc nebo naru\u0161en\u00ed ze strany t\u0159et\u00edch stran.<\/li>\n<li>K proch\u00e1zen\u00ed nen\u00ed nutn\u00fd \u017e\u00e1dn\u00fd \u00fa\u010det. Objedn\u00e1vka vy\u017eaduje osobn\u00ed \u00fadaje.<\/li>\n<li>Ceny v eurech v\u010detn\u011b DPH.<\/li>\n<li>Celkov\u00e1 cena zahrnuje n\u00e1klady na produkt a dod\u00e1n\u00ed.<\/li>\n<\/ol>\n<h3><\/h3>\n<h3>\u00a76 Pravidla pro zad\u00e1v\u00e1n\u00ed zak\u00e1zek<\/h3>\n<ol>\n<li data-start=\"170\" data-end=\"392\"><p data-start=\"173\" data-end=\"392\"><strong data-start=\"173\" data-end=\"193\">Objednat jako po\u017eadavek<\/strong><br data-start=\"193\" data-end=\"196\">\nZad\u00e1n\u00edm objedn\u00e1vky prost\u0159ednictv\u00edm na\u0161ich webov\u00fdch str\u00e1nek odes\u00edl\u00e1te <strong data-start=\"261\" data-end=\"281\">po\u017eadavek na n\u00e1kup<\/strong>. Dokud nen\u00ed \u017e\u00e1dost p\u0159ezkoum\u00e1na a schv\u00e1lena, nep\u0159edstavuje to z\u00e1vaznou smlouvu ani platebn\u00ed z\u00e1vazek.<\/p>\n<\/li>\n<li data-start=\"394\" data-end=\"597\">\n<p data-start=\"397\" data-end=\"597\"><strong data-start=\"397\" data-end=\"427\">P\u0159ezkoum\u00e1n\u00ed a schv\u00e1len\u00ed p\u0159\u00edru\u010dky<\/strong><br data-start=\"427\" data-end=\"430\">\nV\u0161echny \u017e\u00e1dosti jsou <strong data-start=\"450\" data-end=\"471\">ru\u010dn\u00ed kontrola<\/strong>. Po\u017eadavky m\u016f\u017eeme schv\u00e1lit, upravit nebo zam\u00edtnout na z\u00e1klad\u011b skladov\u00e9 dostupnosti, mno\u017estv\u00ed objedn\u00e1vek nebo jin\u00fdch obchodn\u00edch d\u016fvod\u016f.<\/p>\n<\/li>\n<li data-start=\"599\" data-end=\"769\">\n<p data-start=\"602\" data-end=\"769\"><strong data-start=\"602\" data-end=\"635\">\u00dapravy p\u0159ed schv\u00e1len\u00edm<\/strong><br data-start=\"635\" data-end=\"638\">\nVyhrazujeme si pr\u00e1vo <strong data-start=\"665\" data-end=\"729\">upravit mno\u017estv\u00ed produktu, dostupnost nebo podrobnosti o p\u0159eprav\u011b.<\/strong> p\u0159ed odesl\u00e1n\u00edm z\u00e1v\u011bre\u010dn\u00e9 \u017e\u00e1dosti o platbu.<\/p>\n<\/li>\n<li data-start=\"771\" data-end=\"949\">\n<p data-start=\"774\" data-end=\"949\"><strong data-start=\"774\" data-end=\"805\">Odkaz na platbu po schv\u00e1len\u00ed<\/strong><br data-start=\"805\" data-end=\"808\">\nPokud bude va\u0161e \u017e\u00e1dost schv\u00e1lena, obdr\u017e\u00edte <strong data-start=\"859\" data-end=\"885\">odkaz na platbu e-mailem<\/strong>. Objedn\u00e1vka se st\u00e1v\u00e1 z\u00e1vaznou a\u017e po proveden\u00ed platby.<\/p>\n<\/li>\n<li data-start=\"951\" data-end=\"1150\">\n<p data-start=\"954\" data-end=\"1150\"><strong data-start=\"954\" data-end=\"978\">Platnost rezervace<\/strong><br data-start=\"978\" data-end=\"981\">\nSchv\u00e1len\u00e9 \u017e\u00e1dosti jsou platn\u00e9 po omezenou dobu. Pokud nebude platba p\u0159ijata, m\u016f\u017ee b\u00fdt \u017e\u00e1dost bez p\u0159edchoz\u00edho upozorn\u011bn\u00ed zru\u0161ena.<\/p>\n<\/li>\n<li data-start=\"1152\" data-end=\"1328\">\n<p data-start=\"1155\" data-end=\"1328\"><strong data-start=\"1155\" data-end=\"1186\">\u017d\u00e1dn\u00fd z\u00e1vazek a\u017e do zaplacen\u00ed<\/strong><br data-start=\"1186\" data-end=\"1189\">\nDokud nen\u00ed provedena platba, nep\u0159edstavuje v\u00e1\u0161 po\u017eadavek dokon\u010denou objedn\u00e1vku a my nejsme povinni rezervovat nebo odeslat \u017e\u00e1dn\u00e9 produkty.<\/p>\n<\/li>\n<li data-start=\"1330\" data-end=\"1477\">\n<p data-start=\"1333\" data-end=\"1477\"><strong data-start=\"1333\" data-end=\"1352\">Pr\u00e1vo odm\u00edtnout<\/strong><br data-start=\"1352\" data-end=\"1355\">\nVyhrazujeme si pr\u00e1vo odm\u00edtnout nebo zru\u0161it jakoukoli \u017e\u00e1dost podle na\u0161eho uv\u00e1\u017een\u00ed a bez povinnosti poskytnout od\u016fvodn\u011bn\u00ed.<\/p>\n<\/li>\n<li data-start=\"1479\" data-end=\"1654\">\n<p data-start=\"1482\" data-end=\"1654\"><strong data-start=\"1482\" data-end=\"1512\">Po\u017eadavky na komunikaci<\/strong><br data-start=\"1512\" data-end=\"1515\">\nZa uveden\u00ed p\u0159esn\u00fdch kontaktn\u00edch \u00fadaj\u016f odpov\u00edd\u00e1te vy. Pokud se n\u00e1m nepoda\u0159\u00ed v\u00e1s kontaktovat, m\u016f\u017ee b\u00fdt va\u0161e \u017e\u00e1dost odlo\u017eena nebo zru\u0161ena.<\/p>\n<\/li>\n<li data-start=\"1656\" data-end=\"1840\">\n<p data-start=\"1659\" data-end=\"1840\"><strong data-start=\"1659\" data-end=\"1691\">Vy\u0161\u0161\u00ed moc a dostupnost<\/strong><br data-start=\"1691\" data-end=\"1694\">\nDostupnost produktu se m\u016f\u017ee kdykoli zm\u011bnit. Neneseme odpov\u011bdnost za zpo\u017ed\u011bn\u00ed nebo zru\u0161en\u00ed zp\u016fsoben\u00e9 nep\u0159edv\u00eddan\u00fdmi okolnostmi nebo probl\u00e9my s dod\u00e1vkami.<\/p><\/li>\n<\/ol>\n<h3><\/h3>\n<h3>\u00a77 Zp\u016fsoby doru\u010den\u00ed a platby<\/h3>\n<p><b>Dod\u00e1n\u00ed:<\/b> Kur\u00fdr<\/p>\n<p><b>Platba:<\/b> Stripe, kreditn\u00ed\/debetn\u00ed karty<\/p>\n<h3><\/h3>\n<h3>\u00a78 Uzav\u0159en\u00ed kupn\u00ed smlouvy<\/h3>\n<ol>\n<li>Smlouva je uzav\u0159ena po potvrzen\u00ed e-mailem.<\/li>\n<li>Dodac\u00ed lh\u016fta podle popisu produktu.<\/li>\n<li>Pro v\u00edce produkt\u016f plat\u00ed nejzaz\u0161\u00ed dodac\u00ed lh\u016fta.<\/li>\n<li>Dod\u00e1n\u00ed v r\u00e1mci Evropy.<\/li>\n<li>Vyzvednut\u00ed je mo\u017en\u00e9 zdarma.<\/li>\n<\/ol>\n<h3><\/h3>\n<h3>\u00a79 Pr\u00e1vo odstoupit od smlouvy<\/h3>\n<ol>\n<li>Spot\u0159ebitel\u00e9 mohou odstoupit od smlouvy do 14 dn\u016f.<\/li>\n<li>Vr\u00e1cen\u00ed pen\u011bz zahrnuje standardn\u00ed n\u00e1klady na doru\u010den\u00ed.<\/li>\n<li>Spot\u0159ebitel nese n\u00e1klady na vr\u00e1cen\u00ed zbo\u017e\u00ed.<\/li>\n<li>Vr\u00e1cen\u00ed mus\u00ed b\u00fdt provedeno do 14 dn\u016f.<\/li>\n<li>V\u00fdjimkou jsou produkty na zak\u00e1zku, digit\u00e1ln\u00ed zbo\u017e\u00ed, poskytnut\u00e9 slu\u017eby atd.<\/li>\n<\/ol>\n<h3><\/h3>\n<h3>\u00a710 Reklamace a z\u00e1ruka<\/h3>\n<ol>\n<li>Produkty jsou nov\u00e9.<\/li>\n<li>Reklamace e-mailem s popisem z\u00e1vady a \u00fadaji o klientovi.<\/li>\n<li>Odpov\u011b\u010f do 14 dn\u016f.<\/li>\n<\/ol>\n<h3><\/h3>\n<h3>\u00a711 Mimosoudn\u00ed \u0159e\u0161en\u00ed spor\u016f<\/h3>\n<p>Spot\u0159ebitel\u00e9 mohou vyu\u017e\u00edt platformu EU pro online \u0159e\u0161en\u00ed spor\u016f: <a href=\"http:\/\/ec.europa.eu\/consumers\/odr\/\">http:\/\/ec.europa.eu\/consumers\/odr\/<\/a><\/p>\n<h3><\/h3>\n<h3>\u00a713 Osobn\u00ed \u00fadaje<\/h3>\n<ol>\n<li>\u00dadaje jsou shroma\u017e\u010fov\u00e1ny za \u00fa\u010delem pln\u011bn\u00ed smlouvy nebo marketingu se souhlasem.<\/li>\n<li>P\u0159\u00edjemci: kur\u00fd\u0159i a poskytovatel\u00e9 plateb.<\/li>\n<li>Pr\u00e1vo na p\u0159\u00edstup k \u00fadaj\u016fm a jejich opravu.<\/li>\n<\/ol>\n<h3><\/h3>\n<h3>\u00a714 Z\u00e1v\u011bre\u010dn\u00e1 ustanoven\u00ed<\/h3>\n<ol>\n<li>Smlouvy se uzav\u00edraj\u00ed v angli\u010dtin\u011b.<\/li>\n<li>Na\u0159\u00edzen\u00ed m\u016f\u017ee b\u00fdt aktualizov\u00e1no po upozorn\u011bn\u00ed.<\/li>\n<li>Plat\u00ed polsk\u00e9 pr\u00e1vo.<\/li>\n<\/ol>\t\t\t\t\t\t\t\t<\/div>\n\t\t\t\t<\/div>\n\t\t\t\t\t<\/div>\n\t\t<\/div>\n\t\t\t\t\t<\/div>\n\t\t<\/section>\n\t\t\t\t<\/div>","protected":false},"excerpt":{"rendered":"<p>Terms and Conditions \u00a71 Preliminary Provisions The online store available at www.ecoplank.com.pl is operated by Ecoplank P.S.A., ul. Pi\u0119kna 11\/1, 00-549 Warsaw, Poland, VAT: PL5213993281. These Terms and Conditions apply to both consumers and businesses unless stated otherwise. The data administrator is the Service Provider. Details are in the Privacy Policy. \u00a72 Definitions Consumer \u2013 [&hellip;]<\/p>\n","protected":false},"author":2,"featured_media":0,"parent":0,"menu_order":0,"comment_status":"closed","ping_status":"closed","template":"","meta":{"footnotes":""},"class_list":["post-1243","page","type-page","status-publish","hentry"],"yoast_head":"<!-- This site is optimized with the Yoast SEO plugin v27.6 - https:\/\/yoast.com\/product\/yoast-seo-wordpress\/ -->\n<title>Terms and Conditions - Ecoplank<\/title>\n<meta name=\"robots\" content=\"index, follow, max-snippet:-1, max-image-preview:large, max-video-preview:-1\" \/>\n<link rel=\"canonical\" href=\"https:\/\/ecoplank.com.pl\/cs\/podminky\/\" \/>\n<meta property=\"og:locale\" content=\"cs_CZ\" \/>\n<meta property=\"og:type\" content=\"article\" \/>\n<meta property=\"og:title\" content=\"Terms and Conditions - Ecoplank\" \/>\n<meta property=\"og:description\" content=\"Terms and Conditions \u00a71 Preliminary Provisions The online store available at www.ecoplank.com.pl is operated by Ecoplank P.S.A., ul. Pi\u0119kna 11\/1, 00-549 Warsaw, Poland, VAT: PL5213993281. These Terms and Conditions apply to both consumers and businesses unless stated otherwise. The data administrator is the Service Provider. Details are in the Privacy Policy. \u00a72 Definitions Consumer \u2013 [&hellip;]\" \/>\n<meta property=\"og:url\" content=\"https:\/\/ecoplank.com.pl\/cs\/podminky\/\" \/>\n<meta property=\"og:site_name\" content=\"Ecoplank\" \/>\n<meta property=\"article:publisher\" content=\"https:\/\/www.facebook.com\/profile.php?id=61565971276145\" \/>\n<meta property=\"article:modified_time\" content=\"2025-06-17T12:02:03+00:00\" \/>\n<meta name=\"twitter:card\" content=\"summary_large_image\" \/>\n<meta name=\"twitter:label1\" content=\"Odhadovan\u00e1 doba \u010dten\u00ed\" \/>\n\t<meta name=\"twitter:data1\" content=\"3 minuty\" \/>\n<script type=\"application\/ld+json\" class=\"yoast-schema-graph\">{\"@context\":\"https:\\\/\\\/schema.org\",\"@graph\":[{\"@type\":\"WebPage\",\"@id\":\"https:\\\/\\\/ecoplank.com.pl\\\/terms-and-conditions\\\/\",\"url\":\"https:\\\/\\\/ecoplank.com.pl\\\/terms-and-conditions\\\/\",\"name\":\"Terms and Conditions - Ecoplank\",\"isPartOf\":{\"@id\":\"https:\\\/\\\/ecoplank.com.pl\\\/#website\"},\"datePublished\":\"2025-06-17T11:19:53+00:00\",\"dateModified\":\"2025-06-17T12:02:03+00:00\",\"breadcrumb\":{\"@id\":\"https:\\\/\\\/ecoplank.com.pl\\\/terms-and-conditions\\\/#breadcrumb\"},\"inLanguage\":\"cs\",\"potentialAction\":[{\"@type\":\"ReadAction\",\"target\":[\"https:\\\/\\\/ecoplank.com.pl\\\/terms-and-conditions\\\/\"]}]},{\"@type\":\"BreadcrumbList\",\"@id\":\"https:\\\/\\\/ecoplank.com.pl\\\/terms-and-conditions\\\/#breadcrumb\",\"itemListElement\":[{\"@type\":\"ListItem\",\"position\":1,\"name\":\"Home\",\"item\":\"https:\\\/\\\/ecoplank.com.pl\\\/\"},{\"@type\":\"ListItem\",\"position\":2,\"name\":\"Terms and Conditions\"}]},{\"@type\":\"WebSite\",\"@id\":\"https:\\\/\\\/ecoplank.com.pl\\\/#website\",\"url\":\"https:\\\/\\\/ecoplank.com.pl\\\/\",\"name\":\"Ecoplank\",\"description\":\"building sustainably, thriving responsibly\",\"publisher\":{\"@id\":\"https:\\\/\\\/ecoplank.com.pl\\\/#organization\"},\"potentialAction\":[{\"@type\":\"SearchAction\",\"target\":{\"@type\":\"EntryPoint\",\"urlTemplate\":\"https:\\\/\\\/ecoplank.com.pl\\\/?s={search_term_string}\"},\"query-input\":{\"@type\":\"PropertyValueSpecification\",\"valueRequired\":true,\"valueName\":\"search_term_string\"}}],\"inLanguage\":\"cs\"},{\"@type\":\"Organization\",\"@id\":\"https:\\\/\\\/ecoplank.com.pl\\\/#organization\",\"name\":\"Ecoplank\",\"url\":\"https:\\\/\\\/ecoplank.com.pl\\\/\",\"logo\":{\"@type\":\"ImageObject\",\"inLanguage\":\"cs\",\"@id\":\"https:\\\/\\\/ecoplank.com.pl\\\/#\\\/schema\\\/logo\\\/image\\\/\",\"url\":\"https:\\\/\\\/ecoplank.com.pl\\\/wp-content\\\/uploads\\\/2023\\\/11\\\/logo-Ecoplank-scaled.png\",\"contentUrl\":\"https:\\\/\\\/ecoplank.com.pl\\\/wp-content\\\/uploads\\\/2023\\\/11\\\/logo-Ecoplank-scaled.png\",\"width\":2560,\"height\":373,\"caption\":\"Ecoplank\"},\"image\":{\"@id\":\"https:\\\/\\\/ecoplank.com.pl\\\/#\\\/schema\\\/logo\\\/image\\\/\"},\"sameAs\":[\"https:\\\/\\\/www.facebook.com\\\/profile.php?id=61565971276145\",\"https:\\\/\\\/www.instagram.com\\\/ecoplank.recycling\\\/\"]}]}<\/script>\n<!-- \/ Yoast SEO plugin. -->","yoast_head_json":{"title":"Obchodn\u00ed podm\u00ednky - Ecoplank","robots":{"index":"index","follow":"follow","max-snippet":"max-snippet:-1","max-image-preview":"max-image-preview:large","max-video-preview":"max-video-preview:-1"},"canonical":"https:\/\/ecoplank.com.pl\/cs\/podminky\/","og_locale":"cs_CZ","og_type":"article","og_title":"Terms and Conditions - Ecoplank","og_description":"Terms and Conditions \u00a71 Preliminary Provisions The online store available at www.ecoplank.com.pl is operated by Ecoplank P.S.A., ul. Pi\u0119kna 11\/1, 00-549 Warsaw, Poland, VAT: PL5213993281. These Terms and Conditions apply to both consumers and businesses unless stated otherwise. The data administrator is the Service Provider. Details are in the Privacy Policy. \u00a72 Definitions Consumer \u2013 [&hellip;]","og_url":"https:\/\/ecoplank.com.pl\/cs\/podminky\/","og_site_name":"Ecoplank","article_publisher":"https:\/\/www.facebook.com\/profile.php?id=61565971276145","article_modified_time":"2025-06-17T12:02:03+00:00","twitter_card":"summary_large_image","twitter_misc":{"Odhadovan\u00e1 doba \u010dten\u00ed":"3 minuty"},"schema":{"@context":"https:\/\/schema.org","@graph":[{"@type":"WebPage","@id":"https:\/\/ecoplank.com.pl\/terms-and-conditions\/","url":"https:\/\/ecoplank.com.pl\/terms-and-conditions\/","name":"Obchodn\u00ed podm\u00ednky - Ecoplank","isPartOf":{"@id":"https:\/\/ecoplank.com.pl\/#website"},"datePublished":"2025-06-17T11:19:53+00:00","dateModified":"2025-06-17T12:02:03+00:00","breadcrumb":{"@id":"https:\/\/ecoplank.com.pl\/terms-and-conditions\/#breadcrumb"},"inLanguage":"cs","potentialAction":[{"@type":"ReadAction","target":["https:\/\/ecoplank.com.pl\/terms-and-conditions\/"]}]},{"@type":"BreadcrumbList","@id":"https:\/\/ecoplank.com.pl\/terms-and-conditions\/#breadcrumb","itemListElement":[{"@type":"ListItem","position":1,"name":"Home","item":"https:\/\/ecoplank.com.pl\/"},{"@type":"ListItem","position":2,"name":"Terms and Conditions"}]},{"@type":"WebSite","@id":"https:\/\/ecoplank.com.pl\/#website","url":"https:\/\/ecoplank.com.pl\/","name":"Ecoplank","description":"stav\u011bt udr\u017eiteln\u011b, prosperovat zodpov\u011bdn\u011b","publisher":{"@id":"https:\/\/ecoplank.com.pl\/#organization"},"potentialAction":[{"@type":"SearchAction","target":{"@type":"EntryPoint","urlTemplate":"https:\/\/ecoplank.com.pl\/?s={search_term_string}"},"query-input":{"@type":"PropertyValueSpecification","valueRequired":true,"valueName":"search_term_string"}}],"inLanguage":"cs"},{"@type":"Organization","@id":"https:\/\/ecoplank.com.pl\/#organization","name":"Ecoplank","url":"https:\/\/ecoplank.com.pl\/","logo":{"@type":"ImageObject","inLanguage":"cs","@id":"https:\/\/ecoplank.com.pl\/#\/schema\/logo\/image\/","url":"https:\/\/ecoplank.com.pl\/wp-content\/uploads\/2023\/11\/logo-Ecoplank-scaled.png","contentUrl":"https:\/\/ecoplank.com.pl\/wp-content\/uploads\/2023\/11\/logo-Ecoplank-scaled.png","width":2560,"height":373,"caption":"Ecoplank"},"image":{"@id":"https:\/\/ecoplank.com.pl\/#\/schema\/logo\/image\/"},"sameAs":["https:\/\/www.facebook.com\/profile.php?id=61565971276145","https:\/\/www.instagram.com\/ecoplank.recycling\/"]}]}},"_links":{"self":[{"href":"https:\/\/ecoplank.com.pl\/cs\/wp-json\/wp\/v2\/pages\/1243","targetHints":{"allow":["GET"]}}],"collection":[{"href":"https:\/\/ecoplank.com.pl\/cs\/wp-json\/wp\/v2\/pages"}],"about":[{"href":"https:\/\/ecoplank.com.pl\/cs\/wp-json\/wp\/v2\/types\/page"}],"author":[{"embeddable":true,"href":"https:\/\/ecoplank.com.pl\/cs\/wp-json\/wp\/v2\/users\/2"}],"replies":[{"embeddable":true,"href":"https:\/\/ecoplank.com.pl\/cs\/wp-json\/wp\/v2\/comments?post=1243"}],"version-history":[{"count":7,"href":"https:\/\/ecoplank.com.pl\/cs\/wp-json\/wp\/v2\/pages\/1243\/revisions"}],"predecessor-version":[{"id":1254,"href":"https:\/\/ecoplank.com.pl\/cs\/wp-json\/wp\/v2\/pages\/1243\/revisions\/1254"}],"wp:attachment":[{"href":"https:\/\/ecoplank.com.pl\/cs\/wp-json\/wp\/v2\/media?parent=1243"}],"curies":[{"name":"wp","href":"https:\/\/api.w.org\/{rel}","templated":true}]}}